{"id":1566,"date":"2020-11-19T10:52:48","date_gmt":"2020-11-19T10:52:48","guid":{"rendered":"https:\/\/file-express.ch\/angebot\/"},"modified":"2021-03-12T14:40:50","modified_gmt":"2021-03-12T14:40:50","slug":"offering","status":"publish","type":"page","link":"https:\/\/www.file-express.ch\/en\/offering\/","title":{"rendered":"Offering"},"content":{"rendered":"<p>[vc_row row_height_percent=&#8221;0&#8243; override_padding=&#8221;yes&#8221; h_padding=&#8221;2&#8243; top_padding=&#8221;0&#8243; bottom_padding=&#8221;4&#8243; overlay_alpha=&#8221;50&#8243; gutter_size=&#8221;3&#8243; column_width_percent=&#8221;100&#8243; shift_y=&#8221;0&#8243; z_index=&#8221;0&#8243;][vc_column width=&#8221;1\/2&#8243;][vc_row_inner][vc_column_inner column_width_percent=&#8221;100&#8243; gutter_size=&#8221;3&#8243; style=&#8221;light&#8221; back_color=&#8221;color-xsdn&#8221; overlay_alpha=&#8221;50&#8243; preserve_border=&#8221;yes&#8221; preserve_border_tablet=&#8221;yes&#8221; preserve_border_mobile=&#8221;yes&#8221; border_color=&#8221;color-205653&#8243; border_style=&#8221;solid&#8221; shift_x=&#8221;0&#8243; shift_y=&#8221;0&#8243; shift_y_down=&#8221;0&#8243; z_index=&#8221;0&#8243; medium_width=&#8221;0&#8243; mobile_width=&#8221;0&#8243; width=&#8221;1\/1&#8243; css=&#8221;.vc_custom_1607600784205{border-top-width: 1px !important;border-right-width: 1px !important;border-bottom-width: 1px !important;border-left-width: 1px !important;}&#8221;][vc_empty_space empty_h=&#8221;1&#8243; medium_visibility=&#8221;yes&#8221; mobile_visibility=&#8221;yes&#8221;][vc_column_text]<\/p>\n<h2><a href=\"https:\/\/app.file-express.ch\/de\/transfer\" target=\"_blank\" rel=\"noopener noreferrer\"><strong>Try File-Express for Free<\/strong><\/a><\/h2>\n<p>You can use File-Express free of charge and see for yourself the many benefits the service offers. Our Free option enables you to transfer your files immediately and includes the following benefits:<\/p>\n<ul>\n<li>Easy transfers of up to 300MB<\/li>\n<li>7 days validity for downloads<\/li>\n<li>Up to 50 transfers per year<\/li>\n<li>Up to 6 recipients per transfer<\/li>\n<\/ul>\n<p>Single user[\/vc_column_text][vc_empty_space empty_h=&#8221;1&#8243;][vc_button border_animation=&#8221;btn-ripple-out&#8221; border_width=&#8221;0&#8243; link=&#8221;url:https%3A%2F%2Fapp.file-express.ch%2Fde%2Fprofile%2Fsubscription%2Findex|target:_blank&#8221;] Register now[\/vc_button][vc_empty_space empty_h=&#8221;2&#8243; medium_visibility=&#8221;yes&#8221; mobile_visibility=&#8221;yes&#8221;][vc_empty_space empty_h=&#8221;1&#8243; desktop_visibility=&#8221;yes&#8221;][\/vc_column_inner][\/vc_row_inner][\/vc_column][vc_column width=&#8221;1\/2&#8243;][vc_row_inner][vc_column_inner column_width_percent=&#8221;100&#8243; gutter_size=&#8221;3&#8243; style=&#8221;light&#8221; back_color=&#8221;color-xsdn&#8221; overlay_alpha=&#8221;50&#8243; preserve_border=&#8221;yes&#8221; preserve_border_tablet=&#8221;yes&#8221; preserve_border_mobile=&#8221;yes&#8221; border_color=&#8221;color-205653&#8243; border_style=&#8221;solid&#8221; shift_x=&#8221;0&#8243; shift_y=&#8221;0&#8243; shift_y_down=&#8221;0&#8243; z_index=&#8221;0&#8243; medium_width=&#8221;0&#8243; mobile_width=&#8221;0&#8243; width=&#8221;1\/1&#8243; css=&#8221;.vc_custom_1607600814378{border-top-width: 1px !important;border-right-width: 1px !important;border-bottom-width: 1px !important;border-left-width: 1px !important;}&#8221;][vc_empty_space empty_h=&#8221;1&#8243; medium_visibility=&#8221;yes&#8221; mobile_visibility=&#8221;yes&#8221;][vc_column_text]<\/p>\n<h2><a href=\"https:\/\/app.file-express.ch\/de\/profile\/subscription\/index\" target=\"_blank\" rel=\"noopener noreferrer\"><strong>Transfer your files the Smart way<\/strong><\/a><\/h2>\n<p>If you require enhanced confidentiality and traceability for your file transfers, then our \u00absmart\u00bb offering gives you all the flexibility you need. Our \u00absmart\u00bb offering also includes additional security features.<\/p>\n<ul>\n<li>Easy transfers with unlimited file size<\/li>\n<li>Adjustable validity (max. 365 days)<\/li>\n<li>Adjustable number of downloads<\/li>\n<li>Unlimited number of transfers<\/li>\n<li>Unlimited number of recipients<\/li>\n<li>Protected transfers using PIN \/ two-factor authentication (100 SMS included)<\/li>\n<li>IP \/ Geo-IP restrictions on recipients<\/li>\n<li>Complete journal (downloadable as pdf) and full traceability<\/li>\n<\/ul>\n<h2 class=\"smalllinehight\"><span class=\"smallertitle\">CHF<\/span>\u20098.25\/Mo <span class=\"smallertitle\">ANNUAL BILLING<\/span><\/h2>\n<p>Single user[\/vc_column_text][vc_empty_space empty_h=&#8221;1&#8243;][vc_button border_animation=&#8221;btn-ripple-out&#8221; border_width=&#8221;0&#8243; link=&#8221;url:https%3A%2F%2Fapp.file-express.ch%2Fde%2Fprofile%2Fsubscription%2Findex|target:_blank&#8221; el_class=&#8221;orangebutton&#8221;] Register now[\/vc_button][vc_empty_space empty_h=&#8221;2&#8243; medium_visibility=&#8221;yes&#8221; mobile_visibility=&#8221;yes&#8221;][vc_empty_space empty_h=&#8221;1&#8243; desktop_visibility=&#8221;yes&#8221;][\/vc_column_inner][\/vc_row_inner][\/vc_column][\/vc_row]<\/p>\n","protected":false},"excerpt":{"rendered":"<p>[vc_row row_height_percent=&#8221;0&#8243; override_padding=&#8221;yes&#8221; h_padding=&#8221;2&#8243; top_padding=&#8221;0&#8243; bottom_padding=&#8221;4&#8243; overlay_alpha=&#8221;50&#8243; gutter_size=&#8221;3&#8243; column_width_percent=&#8221;100&#8243; shift_y=&#8221;0&#8243; z_index=&#8221;0&#8243;][vc_column width=&#8221;1\/2&#8243;][vc_row_inner][vc_column_inner column_width_percent=&#8221;100&#8243; gutter_size=&#8221;3&#8243; style=&#8221;light&#8221; back_color=&#8221;color-xsdn&#8221; overlay_alpha=&#8221;50&#8243; preserve_border=&#8221;yes&#8221; preserve_border_tablet=&#8221;yes&#8221; preserve_border_mobile=&#8221;yes&#8221; [&hellip;]<\/p>\n","protected":false},"author":1,"featured_media":0,"parent":0,"menu_order":6,"comment_status":"closed","ping_status":"closed","template":"","meta":[],"yoast_head":"<!-- This site is optimized with the Yoast SEO plugin v16.9 - https:\/\/yoast.com\/wordpress\/plugins\/seo\/ -->\n<title>Offering &ndash; FILE-EXPRESS : Mehr Sicherheit f\u00fcr wenig Geld<\/title>\n<meta name=\"description\" content=\"Unser Angebot \u00absmart\u00bb erf\u00fcllt erh\u00f6hte Anforderungen an Sicherheit, Vertraulichkeit und Nachvollziehbarkeit f\u00fcr Ihres Dateitransfers.\" \/>\n<meta name=\"robots\" content=\"index, follow, max-snippet:-1, max-image-preview:large, max-video-preview:-1\" \/>\n<link rel=\"canonical\" href=\"https:\/\/www.file-express.ch\/en\/offering\/\" \/>\n<meta property=\"og:locale\" content=\"en_US\" \/>\n<meta property=\"og:type\" content=\"article\" \/>\n<meta property=\"og:title\" content=\"Offering &ndash; FILE-EXPRESS : Mehr Sicherheit f\u00fcr wenig Geld\" \/>\n<meta property=\"og:description\" content=\"Unser Angebot \u00absmart\u00bb erf\u00fcllt erh\u00f6hte Anforderungen an Sicherheit, Vertraulichkeit und Nachvollziehbarkeit f\u00fcr Ihres Dateitransfers.\" \/>\n<meta property=\"og:url\" content=\"https:\/\/www.file-express.ch\/en\/offering\/\" \/>\n<meta property=\"og:site_name\" content=\"FILE-EXPRESS\" \/>\n<meta property=\"article:modified_time\" content=\"2021-03-12T14:40:50+00:00\" \/>\n<meta name=\"twitter:card\" content=\"summary_large_image\" \/>\n<meta name=\"twitter:label1\" content=\"Est. reading time\" \/>\n\t<meta name=\"twitter:data1\" content=\"2 minutes\" \/>\n<script type=\"application\/ld+json\" class=\"yoast-schema-graph\">{\"@context\":\"https:\/\/schema.org\",\"@graph\":[{\"@type\":\"Organization\",\"@id\":\"https:\/\/www.file-express.ch\/de\/#organization\",\"name\":\"FILE-EXPRESS\",\"url\":\"https:\/\/www.file-express.ch\/de\/\",\"sameAs\":[],\"logo\":{\"@type\":\"ImageObject\",\"@id\":\"https:\/\/www.file-express.ch\/de\/#logo\",\"inLanguage\":\"en-US\",\"url\":\"\",\"contentUrl\":\"\",\"caption\":\"FILE-EXPRESS\"},\"image\":{\"@id\":\"https:\/\/www.file-express.ch\/de\/#logo\"}},{\"@type\":\"WebSite\",\"@id\":\"https:\/\/www.file-express.ch\/de\/#website\",\"url\":\"https:\/\/www.file-express.ch\/de\/\",\"name\":\"FILE-EXPRESS\",\"description\":\"by Swiss Cyber Gate\",\"publisher\":{\"@id\":\"https:\/\/www.file-express.ch\/de\/#organization\"},\"potentialAction\":[{\"@type\":\"SearchAction\",\"target\":{\"@type\":\"EntryPoint\",\"urlTemplate\":\"https:\/\/www.file-express.ch\/de\/?s={search_term_string}\"},\"query-input\":\"required name=search_term_string\"}],\"inLanguage\":\"en-US\"},{\"@type\":\"WebPage\",\"@id\":\"https:\/\/www.file-express.ch\/en\/offering\/#webpage\",\"url\":\"https:\/\/www.file-express.ch\/en\/offering\/\",\"name\":\"Offering &ndash; FILE-EXPRESS : Mehr Sicherheit f\\u00fcr wenig Geld\",\"isPartOf\":{\"@id\":\"https:\/\/www.file-express.ch\/de\/#website\"},\"datePublished\":\"2020-11-19T10:52:48+00:00\",\"dateModified\":\"2021-03-12T14:40:50+00:00\",\"description\":\"Unser Angebot \\u00absmart\\u00bb erf\\u00fcllt erh\\u00f6hte Anforderungen an Sicherheit, Vertraulichkeit und Nachvollziehbarkeit f\\u00fcr Ihres Dateitransfers.\",\"breadcrumb\":{\"@id\":\"https:\/\/www.file-express.ch\/en\/offering\/#breadcrumb\"},\"inLanguage\":\"en-US\",\"potentialAction\":[{\"@type\":\"ReadAction\",\"target\":[\"https:\/\/www.file-express.ch\/en\/offering\/\"]}]},{\"@type\":\"BreadcrumbList\",\"@id\":\"https:\/\/www.file-express.ch\/en\/offering\/#breadcrumb\",\"itemListElement\":[{\"@type\":\"ListItem\",\"position\":1,\"name\":\"Startseite\",\"item\":\"https:\/\/www.file-express.ch\/en\/\"},{\"@type\":\"ListItem\",\"position\":2,\"name\":\"Offering\"}]}]}<\/script>\n<!-- \/ Yoast SEO plugin. -->","yoast_head_json":{"title":"Offering &ndash; FILE-EXPRESS : Mehr Sicherheit f\u00fcr wenig Geld","description":"Unser Angebot \u00absmart\u00bb erf\u00fcllt erh\u00f6hte Anforderungen an Sicherheit, Vertraulichkeit und Nachvollziehbarkeit f\u00fcr Ihres Dateitransfers.","robots":{"index":"index","follow":"follow","max-snippet":"max-snippet:-1","max-image-preview":"max-image-preview:large","max-video-preview":"max-video-preview:-1"},"canonical":"https:\/\/www.file-express.ch\/en\/offering\/","og_locale":"en_US","og_type":"article","og_title":"Offering &ndash; FILE-EXPRESS : Mehr Sicherheit f\u00fcr wenig Geld","og_description":"Unser Angebot \u00absmart\u00bb erf\u00fcllt erh\u00f6hte Anforderungen an Sicherheit, Vertraulichkeit und Nachvollziehbarkeit f\u00fcr Ihres Dateitransfers.","og_url":"https:\/\/www.file-express.ch\/en\/offering\/","og_site_name":"FILE-EXPRESS","article_modified_time":"2021-03-12T14:40:50+00:00","twitter_card":"summary_large_image","twitter_misc":{"Est. reading time":"2 minutes"},"schema":{"@context":"https:\/\/schema.org","@graph":[{"@type":"Organization","@id":"https:\/\/www.file-express.ch\/de\/#organization","name":"FILE-EXPRESS","url":"https:\/\/www.file-express.ch\/de\/","sameAs":[],"logo":{"@type":"ImageObject","@id":"https:\/\/www.file-express.ch\/de\/#logo","inLanguage":"en-US","url":"","contentUrl":"","caption":"FILE-EXPRESS"},"image":{"@id":"https:\/\/www.file-express.ch\/de\/#logo"}},{"@type":"WebSite","@id":"https:\/\/www.file-express.ch\/de\/#website","url":"https:\/\/www.file-express.ch\/de\/","name":"FILE-EXPRESS","description":"by Swiss Cyber Gate","publisher":{"@id":"https:\/\/www.file-express.ch\/de\/#organization"},"potentialAction":[{"@type":"SearchAction","target":{"@type":"EntryPoint","urlTemplate":"https:\/\/www.file-express.ch\/de\/?s={search_term_string}"},"query-input":"required name=search_term_string"}],"inLanguage":"en-US"},{"@type":"WebPage","@id":"https:\/\/www.file-express.ch\/en\/offering\/#webpage","url":"https:\/\/www.file-express.ch\/en\/offering\/","name":"Offering &ndash; FILE-EXPRESS : Mehr Sicherheit f\u00fcr wenig Geld","isPartOf":{"@id":"https:\/\/www.file-express.ch\/de\/#website"},"datePublished":"2020-11-19T10:52:48+00:00","dateModified":"2021-03-12T14:40:50+00:00","description":"Unser Angebot \u00absmart\u00bb erf\u00fcllt erh\u00f6hte Anforderungen an Sicherheit, Vertraulichkeit und Nachvollziehbarkeit f\u00fcr Ihres Dateitransfers.","breadcrumb":{"@id":"https:\/\/www.file-express.ch\/en\/offering\/#breadcrumb"},"inLanguage":"en-US","potentialAction":[{"@type":"ReadAction","target":["https:\/\/www.file-express.ch\/en\/offering\/"]}]},{"@type":"BreadcrumbList","@id":"https:\/\/www.file-express.ch\/en\/offering\/#breadcrumb","itemListElement":[{"@type":"ListItem","position":1,"name":"Startseite","item":"https:\/\/www.file-express.ch\/en\/"},{"@type":"ListItem","position":2,"name":"Offering"}]}]}},"_links":{"self":[{"href":"https:\/\/www.file-express.ch\/en\/wp-json\/wp\/v2\/pages\/1566"}],"collection":[{"href":"https:\/\/www.file-express.ch\/en\/wp-json\/wp\/v2\/pages"}],"about":[{"href":"https:\/\/www.file-express.ch\/en\/wp-json\/wp\/v2\/types\/page"}],"author":[{"embeddable":true,"href":"https:\/\/www.file-express.ch\/en\/wp-json\/wp\/v2\/users\/1"}],"replies":[{"embeddable":true,"href":"https:\/\/www.file-express.ch\/en\/wp-json\/wp\/v2\/comments?post=1566"}],"version-history":[{"count":47,"href":"https:\/\/www.file-express.ch\/en\/wp-json\/wp\/v2\/pages\/1566\/revisions"}],"predecessor-version":[{"id":2211,"href":"https:\/\/www.file-express.ch\/en\/wp-json\/wp\/v2\/pages\/1566\/revisions\/2211"}],"wp:attachment":[{"href":"https:\/\/www.file-express.ch\/en\/wp-json\/wp\/v2\/media?parent=1566"}],"curies":[{"name":"wp","href":"https:\/\/api.w.org\/{rel}","templated":true}]}}