{"id":647,"date":"2020-11-19T10:53:13","date_gmt":"2020-11-19T10:53:13","guid":{"rendered":"https:\/\/file-express.ch\/?page_id=647"},"modified":"2022-11-28T07:47:50","modified_gmt":"2022-11-28T07:47:50","slug":"team","status":"publish","type":"page","link":"https:\/\/www.file-express.ch\/de\/team\/","title":{"rendered":"Team"},"content":{"rendered":"<p>[vc_row row_height_percent=&#8220;0&#8243; override_padding=&#8220;yes&#8220; h_padding=&#8220;2&#8243; top_padding=&#8220;0&#8243; bottom_padding=&#8220;2&#8243; overlay_alpha=&#8220;50&#8243; gutter_size=&#8220;3&#8243; column_width_percent=&#8220;100&#8243; shift_y=&#8220;0&#8243; z_index=&#8220;0&#8243;][vc_column width=&#8220;1\/1&#8243;][vc_column_text]Was uns unterscheidet, ist der exklusive Fokus auf Sicherheit und Privatsph\u00e4re Ihrer Daten. Unser ganzes Team setzt sich daf\u00fcr ein, dass Sie Ihre Dateien m\u00f6glichst einfach und bequem, aber dennoch in jedem Fall sicher und vertraulich an den Empf\u00e4nger senden k\u00f6nnen. Wir erarbeiten Dateitransferl\u00f6sungen, die sich insbesondere f\u00fcr gesch\u00e4ftliche Anwendungen eigenen.[\/vc_column_text][\/vc_column][\/vc_row][vc_row row_height_percent=&#8220;0&#8243; override_padding=&#8220;yes&#8220; h_padding=&#8220;2&#8243; top_padding=&#8220;2&#8243; bottom_padding=&#8220;4&#8243; overlay_alpha=&#8220;50&#8243; gutter_size=&#8220;3&#8243; column_width_percent=&#8220;100&#8243; shift_y=&#8220;0&#8243; z_index=&#8220;0&#8243; mobile_visibility=&#8220;yes&#8220;][vc_column width=&#8220;1\/1&#8243;][vc_gallery el_id=&#8220;gallery-261396&#8243; isotope_mode=&#8220;fitRows&#8220; medias=&#8220;1478,1476,1486,1472,1484&#8243; gutter_size=&#8220;3&#8243; media_items=&#8220;media|nolink|poster,title,caption,description&#8220; screen_lg=&#8220;1000&#8243; screen_md=&#8220;600&#8243; screen_sm=&#8220;480&#8243; single_text=&#8220;under&#8220; single_overlay_coloration=&#8220;top_gradient&#8220; single_overlay_opacity=&#8220;50&#8243; single_overlay_anim=&#8220;no&#8220; single_text_visible=&#8220;yes&#8220; single_text_anim=&#8220;no&#8220; single_image_anim=&#8220;no&#8220; single_v_position=&#8220;top&#8220; single_padding=&#8220;2&#8243; single_title_dimension=&#8220;h3&#8243; single_text_lead=&#8220;small&#8220; single_border=&#8220;yes&#8220; el_class=&#8220;teambox&#8220;][\/vc_column][\/vc_row][vc_row row_height_percent=&#8220;0&#8243; override_padding=&#8220;yes&#8220; h_padding=&#8220;2&#8243; top_padding=&#8220;0&#8243; bottom_padding=&#8220;4&#8243; overlay_alpha=&#8220;50&#8243; gutter_size=&#8220;3&#8243; column_width_percent=&#8220;100&#8243; shift_y=&#8220;0&#8243; z_index=&#8220;0&#8243; desktop_visibility=&#8220;yes&#8220; medium_visibility=&#8220;yes&#8220;][vc_column width=&#8220;1\/1&#8243;][vc_gallery el_id=&#8220;gallery-221133&#8243; type=&#8220;carousel&#8220; medias=&#8220;1478,1476,1486,1472,1484&#8243; carousel_lg=&#8220;3&#8243; carousel_md=&#8220;3&#8243; carousel_sm=&#8220;1&#8243; gutter_size=&#8220;5&#8243; media_items=&#8220;media|nolink|poster,title,caption,description&#8220; carousel_interval=&#8220;0&#8243; carousel_navspeed=&#8220;700&#8243; carousel_nav_mobile=&#8220;yes&#8220; carousel_nav_skin=&#8220;dark&#8220; stage_padding=&#8220;0&#8243; single_text=&#8220;under&#8220; single_overlay_coloration=&#8220;top_gradient&#8220; single_overlay_opacity=&#8220;50&#8243; single_overlay_anim=&#8220;no&#8220; single_text_visible=&#8220;yes&#8220; single_text_anim=&#8220;no&#8220; single_image_anim=&#8220;no&#8220; single_v_position=&#8220;top&#8220; single_padding=&#8220;2&#8243; single_title_dimension=&#8220;h3&#8243; single_text_lead=&#8220;small&#8220; single_border=&#8220;yes&#8220; lbox_title=&#8220;yes&#8220; lbox_caption=&#8220;yes&#8220; el_class=&#8220;teambox&#8220;][\/vc_column][\/vc_row]<\/p>\n","protected":false},"excerpt":{"rendered":"<p>[vc_row row_height_percent=&#8220;0&#8243; override_padding=&#8220;yes&#8220; h_padding=&#8220;2&#8243; top_padding=&#8220;0&#8243; bottom_padding=&#8220;2&#8243; overlay_alpha=&#8220;50&#8243; gutter_size=&#8220;3&#8243; column_width_percent=&#8220;100&#8243; shift_y=&#8220;0&#8243; z_index=&#8220;0&#8243;][vc_column width=&#8220;1\/1&#8243;][vc_column_text]Was uns unterscheidet, ist der exklusive Fokus auf Sicherheit [&hellip;]<\/p>\n","protected":false},"author":1,"featured_media":0,"parent":0,"menu_order":12,"comment_status":"closed","ping_status":"closed","template":"","meta":[],"yoast_head":"<!-- This site is optimized with the Yoast SEO plugin v16.9 - https:\/\/yoast.com\/wordpress\/plugins\/seo\/ -->\n<title>Team &ndash; FILE-EXPRESS : Wir arbeiten f\u00fcr Ihre vertraulichen Dateitransfers<\/title>\n<meta name=\"description\" content=\"Unser Team arbeitet daf\u00fcr, dass Sie Ihre Dateien m\u00f6glichst einfach, aber dennoch sicher und vertraulich an den Empf\u00e4nger senden k\u00f6nnen.\" \/>\n<meta name=\"robots\" content=\"index, follow, max-snippet:-1, max-image-preview:large, max-video-preview:-1\" \/>\n<link rel=\"canonical\" href=\"https:\/\/www.file-express.ch\/de\/team\/\" \/>\n<meta property=\"og:locale\" content=\"de_DE\" \/>\n<meta property=\"og:type\" content=\"article\" \/>\n<meta property=\"og:title\" content=\"Team &ndash; FILE-EXPRESS : Wir arbeiten f\u00fcr Ihre vertraulichen Dateitransfers\" \/>\n<meta property=\"og:description\" content=\"Unser Team arbeitet daf\u00fcr, dass Sie Ihre Dateien m\u00f6glichst einfach, aber dennoch sicher und vertraulich an den Empf\u00e4nger senden k\u00f6nnen.\" \/>\n<meta property=\"og:url\" content=\"https:\/\/www.file-express.ch\/de\/team\/\" \/>\n<meta property=\"og:site_name\" content=\"FILE-EXPRESS\" \/>\n<meta property=\"article:modified_time\" content=\"2022-11-28T07:47:50+00:00\" \/>\n<meta name=\"twitter:card\" content=\"summary_large_image\" \/>\n<meta name=\"twitter:label1\" content=\"Gesch\u00e4tzte Lesezeit\" \/>\n\t<meta name=\"twitter:data1\" content=\"1\u00a0Minute\" \/>\n<script type=\"application\/ld+json\" class=\"yoast-schema-graph\">{\"@context\":\"https:\/\/schema.org\",\"@graph\":[{\"@type\":\"Organization\",\"@id\":\"https:\/\/www.file-express.ch\/de\/#organization\",\"name\":\"FILE-EXPRESS\",\"url\":\"https:\/\/www.file-express.ch\/de\/\",\"sameAs\":[],\"logo\":{\"@type\":\"ImageObject\",\"@id\":\"https:\/\/www.file-express.ch\/de\/#logo\",\"inLanguage\":\"de\",\"url\":\"\",\"contentUrl\":\"\",\"caption\":\"FILE-EXPRESS\"},\"image\":{\"@id\":\"https:\/\/www.file-express.ch\/de\/#logo\"}},{\"@type\":\"WebSite\",\"@id\":\"https:\/\/www.file-express.ch\/de\/#website\",\"url\":\"https:\/\/www.file-express.ch\/de\/\",\"name\":\"FILE-EXPRESS\",\"description\":\"by Swiss Cyber Gate\",\"publisher\":{\"@id\":\"https:\/\/www.file-express.ch\/de\/#organization\"},\"potentialAction\":[{\"@type\":\"SearchAction\",\"target\":{\"@type\":\"EntryPoint\",\"urlTemplate\":\"https:\/\/www.file-express.ch\/de\/?s={search_term_string}\"},\"query-input\":\"required name=search_term_string\"}],\"inLanguage\":\"de\"},{\"@type\":\"WebPage\",\"@id\":\"https:\/\/www.file-express.ch\/de\/team\/#webpage\",\"url\":\"https:\/\/www.file-express.ch\/de\/team\/\",\"name\":\"Team &ndash; FILE-EXPRESS : Wir arbeiten f\\u00fcr Ihre vertraulichen Dateitransfers\",\"isPartOf\":{\"@id\":\"https:\/\/www.file-express.ch\/de\/#website\"},\"datePublished\":\"2020-11-19T10:53:13+00:00\",\"dateModified\":\"2022-11-28T07:47:50+00:00\",\"description\":\"Unser Team arbeitet daf\\u00fcr, dass Sie Ihre Dateien m\\u00f6glichst einfach, aber dennoch sicher und vertraulich an den Empf\\u00e4nger senden k\\u00f6nnen.\",\"breadcrumb\":{\"@id\":\"https:\/\/www.file-express.ch\/de\/team\/#breadcrumb\"},\"inLanguage\":\"de\",\"potentialAction\":[{\"@type\":\"ReadAction\",\"target\":[\"https:\/\/www.file-express.ch\/de\/team\/\"]}]},{\"@type\":\"BreadcrumbList\",\"@id\":\"https:\/\/www.file-express.ch\/de\/team\/#breadcrumb\",\"itemListElement\":[{\"@type\":\"ListItem\",\"position\":1,\"name\":\"Startseite\",\"item\":\"https:\/\/www.file-express.ch\/de\/\"},{\"@type\":\"ListItem\",\"position\":2,\"name\":\"Team\"}]}]}<\/script>\n<!-- \/ Yoast SEO plugin. -->","yoast_head_json":{"title":"Team &ndash; FILE-EXPRESS : Wir arbeiten f\u00fcr Ihre vertraulichen Dateitransfers","description":"Unser Team arbeitet daf\u00fcr, dass Sie Ihre Dateien m\u00f6glichst einfach, aber dennoch sicher und vertraulich an den Empf\u00e4nger senden k\u00f6nnen.","robots":{"index":"index","follow":"follow","max-snippet":"max-snippet:-1","max-image-preview":"max-image-preview:large","max-video-preview":"max-video-preview:-1"},"canonical":"https:\/\/www.file-express.ch\/de\/team\/","og_locale":"de_DE","og_type":"article","og_title":"Team &ndash; FILE-EXPRESS : Wir arbeiten f\u00fcr Ihre vertraulichen Dateitransfers","og_description":"Unser Team arbeitet daf\u00fcr, dass Sie Ihre Dateien m\u00f6glichst einfach, aber dennoch sicher und vertraulich an den Empf\u00e4nger senden k\u00f6nnen.","og_url":"https:\/\/www.file-express.ch\/de\/team\/","og_site_name":"FILE-EXPRESS","article_modified_time":"2022-11-28T07:47:50+00:00","twitter_card":"summary_large_image","twitter_misc":{"Gesch\u00e4tzte Lesezeit":"1\u00a0Minute"},"schema":{"@context":"https:\/\/schema.org","@graph":[{"@type":"Organization","@id":"https:\/\/www.file-express.ch\/de\/#organization","name":"FILE-EXPRESS","url":"https:\/\/www.file-express.ch\/de\/","sameAs":[],"logo":{"@type":"ImageObject","@id":"https:\/\/www.file-express.ch\/de\/#logo","inLanguage":"de","url":"","contentUrl":"","caption":"FILE-EXPRESS"},"image":{"@id":"https:\/\/www.file-express.ch\/de\/#logo"}},{"@type":"WebSite","@id":"https:\/\/www.file-express.ch\/de\/#website","url":"https:\/\/www.file-express.ch\/de\/","name":"FILE-EXPRESS","description":"by Swiss Cyber Gate","publisher":{"@id":"https:\/\/www.file-express.ch\/de\/#organization"},"potentialAction":[{"@type":"SearchAction","target":{"@type":"EntryPoint","urlTemplate":"https:\/\/www.file-express.ch\/de\/?s={search_term_string}"},"query-input":"required name=search_term_string"}],"inLanguage":"de"},{"@type":"WebPage","@id":"https:\/\/www.file-express.ch\/de\/team\/#webpage","url":"https:\/\/www.file-express.ch\/de\/team\/","name":"Team &ndash; FILE-EXPRESS : Wir arbeiten f\u00fcr Ihre vertraulichen Dateitransfers","isPartOf":{"@id":"https:\/\/www.file-express.ch\/de\/#website"},"datePublished":"2020-11-19T10:53:13+00:00","dateModified":"2022-11-28T07:47:50+00:00","description":"Unser Team arbeitet daf\u00fcr, dass Sie Ihre Dateien m\u00f6glichst einfach, aber dennoch sicher und vertraulich an den Empf\u00e4nger senden k\u00f6nnen.","breadcrumb":{"@id":"https:\/\/www.file-express.ch\/de\/team\/#breadcrumb"},"inLanguage":"de","potentialAction":[{"@type":"ReadAction","target":["https:\/\/www.file-express.ch\/de\/team\/"]}]},{"@type":"BreadcrumbList","@id":"https:\/\/www.file-express.ch\/de\/team\/#breadcrumb","itemListElement":[{"@type":"ListItem","position":1,"name":"Startseite","item":"https:\/\/www.file-express.ch\/de\/"},{"@type":"ListItem","position":2,"name":"Team"}]}]}},"_links":{"self":[{"href":"https:\/\/www.file-express.ch\/de\/wp-json\/wp\/v2\/pages\/647"}],"collection":[{"href":"https:\/\/www.file-express.ch\/de\/wp-json\/wp\/v2\/pages"}],"about":[{"href":"https:\/\/www.file-express.ch\/de\/wp-json\/wp\/v2\/types\/page"}],"author":[{"embeddable":true,"href":"https:\/\/www.file-express.ch\/de\/wp-json\/wp\/v2\/users\/1"}],"replies":[{"embeddable":true,"href":"https:\/\/www.file-express.ch\/de\/wp-json\/wp\/v2\/comments?post=647"}],"version-history":[{"count":32,"href":"https:\/\/www.file-express.ch\/de\/wp-json\/wp\/v2\/pages\/647\/revisions"}],"predecessor-version":[{"id":2314,"href":"https:\/\/www.file-express.ch\/de\/wp-json\/wp\/v2\/pages\/647\/revisions\/2314"}],"wp:attachment":[{"href":"https:\/\/www.file-express.ch\/de\/wp-json\/wp\/v2\/media?parent=647"}],"curies":[{"name":"wp","href":"https:\/\/api.w.org\/{rel}","templated":true}]}}