{"id":643,"date":"2020-11-19T10:52:48","date_gmt":"2020-11-19T10:52:48","guid":{"rendered":"https:\/\/file-express.ch\/?page_id=643"},"modified":"2021-09-24T07:48:23","modified_gmt":"2021-09-24T07:48:23","slug":"angebot","status":"publish","type":"page","link":"https:\/\/www.file-express.ch\/de\/angebot\/","title":{"rendered":"Angebot"},"content":{"rendered":"<p>[vc_row][vc_column width=&#8220;1\/3&#8243;][uncode_pricing title=&#8220;SMART&#8220; price=&#8220;CHF 8.25 | j\u00e4hrliche Abrechnung (99.-)&#8220; hover_fx=&#8220;outlined&#8220; price_color=&#8220;color-205653&#8243; col_elements=&#8220;tb&#8220; align=&#8220;left&#8220; button=&#8220;url:https%3A%2F%2Fapp.file-express.ch%2Fde%2Fsign-up|title:Jetzt%20anmelden!&#8220; body=&#8220;Unbeschr\u00e4nkte Anzahl Transfers<br \/>\nUnlimitierte Dateigr\u00f6sse<br \/>\nDownloads max. 365 Tage g\u00fcltig<br \/>\nEmpf\u00e4ngerzahl unbeschr\u00e4nkt<br \/>\nEmailadresse bleibt best\u00e4tigt<br \/>\nKontakte werden gespeichert<br \/>\nPersonalisierbarer Betreff der Email-Benachrichtigung<br \/>\nEingeschriebener Transfer<br \/>\nVersand von Upload-Links<br \/>\nPIN\/Zwei-Faktoren-Authentifizierung (100 SMS inklusive)<br \/>\nIP\/Geo-IP-Einschr\u00e4nkungen der Empf\u00e4nger<br \/>\nEinstellbare Anzahl Downloads<br \/>\nKomplettes Journal (als pdf downloadbar)<br \/>\nNachvollziehbarkeit im Verlauf&#8220;][\/vc_column][vc_column width=&#8220;1\/3&#8243;][uncode_pricing title=&#8220;Free&#8220; price=&#8220;CHF 0.- |pro Monat&#8220; price_color=&#8220;color-205653&#8243; col_elements=&#8220;tb&#8220; align=&#8220;left&#8220; body=&#8220;50 Transfers pro Jahr<br \/>\n300 MB pro Transfer<br \/>\nDownloads 7 Tage g\u00fcltig<br \/>\nmax. 6 Empf\u00e4nger pro Transfer<br \/>\nEmailadresse bleibt best\u00e4tigt<br \/>\nKontakte werden gespeichert&#8220; button=&#8220;url:https%3A%2F%2Fapp.file-express.ch%2Fde%2Fsign-up|title:Jetzt%20anmelden&#8220;][\/vc_column][vc_column width=&#8220;1\/3&#8243;][uncode_pricing title=&#8220;Ohne Registration&#8220; price=&#8220;CHF 0.- |pro Monat&#8220; hover_fx=&#8220;outlined&#8220; price_color=&#8220;color-205653&#8243; align=&#8220;left&#8220; body=&#8220;50 Transfers pro Jahr<br \/>\n300 MB pro Transfer<br \/>\nDownloads 7 Tage g\u00fcltig<br \/>\nmax. 6 Empf\u00e4nger pro Transfer&#8220;][\/vc_column][\/vc_row][vc_row row_height_percent=&#8220;0&#8243; override_padding=&#8220;yes&#8220; h_padding=&#8220;2&#8243; top_padding=&#8220;0&#8243; bottom_padding=&#8220;4&#8243; overlay_alpha=&#8220;50&#8243; gutter_size=&#8220;3&#8243; column_width_percent=&#8220;100&#8243; shift_y=&#8220;0&#8243; z_index=&#8220;0&#8243;][vc_column width=&#8220;1\/2&#8243;][vc_row_inner][vc_column_inner column_width_percent=&#8220;100&#8243; gutter_size=&#8220;3&#8243; style=&#8220;light&#8220; back_color=&#8220;color-xsdn&#8220; overlay_alpha=&#8220;50&#8243; preserve_border=&#8220;yes&#8220; preserve_border_tablet=&#8220;yes&#8220; preserve_border_mobile=&#8220;yes&#8220; border_color=&#8220;color-205653&#8243; border_style=&#8220;solid&#8220; shift_x=&#8220;0&#8243; shift_y=&#8220;0&#8243; shift_y_down=&#8220;0&#8243; z_index=&#8220;0&#8243; medium_width=&#8220;0&#8243; mobile_width=&#8220;0&#8243; width=&#8220;1\/1&#8243; css=&#8220;.vc_custom_1607600814378{border-top-width: 1px !important;border-right-width: 1px !important;border-bottom-width: 1px !important;border-left-width: 1px !important;}&#8220;][vc_empty_space empty_h=&#8220;1&#8243; medium_visibility=&#8220;yes&#8220; mobile_visibility=&#8220;yes&#8220;][vc_column_text]<\/p>\n<h2><a href=\"https:\/\/app.file-express.ch\/de\/profile\/subscription\/index\" target=\"_blank\" rel=\"noopener noreferrer\">SMART<\/a><\/h2>\n<p>Sie haben bez\u00fcglich Ihres Dateitransfers erh\u00f6hte Anforderungen an Vertraulichkeit und Nachvollziehbarkeit? Unser Angebot SMART gibt Ihnen flexibel die notwendigen M\u00f6glichkeiten, um mit Zus\u00e4tzliche Sicherheitsfunktionen all Ihren Anspr\u00fcchen zu gen\u00fcgen:[\/vc_column_text][vc_empty_space empty_h=&#8220;1&#8243;][vc_button border_animation=&#8220;btn-ripple-out&#8220; border_width=&#8220;0&#8243; link=&#8220;url:https%3A%2F%2Fapp.file-express.ch%2Fde%2Fsign-up|target:_blank&#8220; el_class=&#8220;orangebutton&#8220;]Jetzt Anmelden[\/vc_button][vc_empty_space empty_h=&#8220;2&#8243; medium_visibility=&#8220;yes&#8220; mobile_visibility=&#8220;yes&#8220;][vc_column_text]<\/p>\n<ul>\n<li>Einfache Transfers mit unlimitierter Dateigr\u00f6sse<\/li>\n<li>Unbeschr\u00e4nkte Anzahl Transfers<\/li>\n<li>Unbeschr\u00e4nkte Anzahl Empf\u00e4nger<\/li>\n<li>Betreff der Benachrichtigung an den Empf\u00e4nger kann personalisiert werden<\/li>\n<li>Eingeschriebener Transfer<\/li>\n<li>Versand von Upload-Links<\/li>\n<li>Einstellbare G\u00fcltigkeit der Downloads (max. 365 Tage)<\/li>\n<li>Einstellbare Anzahl Downloads<\/li>\n<li>Gesch\u00fctzte Transfers mittels PIN\/Zwei-Faktoren-Authentifizierung (100 SMS inklusiv)<\/li>\n<li>IP\/Geo-IP-Einschr\u00e4nkungen der Empf\u00e4nger<\/li>\n<li>Komplettes Journal (als pdf downloadbar) und Nachvollziehbarkeit im Verlauf<\/li>\n<\/ul>\n<p>&nbsp;<\/p>\n<h2 class=\"smalllinehight\"><span class=\"smallertitle\">CHF<\/span>\u20098.25\/Mo<br \/>\n<span class=\"smallertitle\">J\u00c4HRLICHE ABRECHNUNG (CHF 99)<\/span><\/h2>\n<p>Single user<\/p>\n<p>Wenn Sie mehrere Konten ben\u00f6tigen, richten wir diese gerne f\u00fcr Sie ein. Mehrere Konten k\u00f6nnen Sie auf Wunsch via Rechnung bezahlen. Kontaktieren Sie uns: <a href=\"mailto:info@swisscybergate.com\">info@swisscybergate.com<\/a>[\/vc_column_text][vc_empty_space empty_h=&#8220;1&#8243; desktop_visibility=&#8220;yes&#8220;][\/vc_column_inner][\/vc_row_inner][\/vc_column][vc_column width=&#8220;1\/2&#8243;][vc_row_inner][vc_column_inner column_width_percent=&#8220;100&#8243; gutter_size=&#8220;3&#8243; style=&#8220;light&#8220; back_color=&#8220;color-xsdn&#8220; overlay_alpha=&#8220;50&#8243; preserve_border=&#8220;yes&#8220; preserve_border_tablet=&#8220;yes&#8220; preserve_border_mobile=&#8220;yes&#8220; border_color=&#8220;color-205653&#8243; border_style=&#8220;solid&#8220; shift_x=&#8220;0&#8243; shift_y=&#8220;0&#8243; shift_y_down=&#8220;0&#8243; z_index=&#8220;0&#8243; medium_width=&#8220;0&#8243; mobile_width=&#8220;0&#8243; width=&#8220;1\/1&#8243; css=&#8220;.vc_custom_1607600784205{border-top-width: 1px !important;border-right-width: 1px !important;border-bottom-width: 1px !important;border-left-width: 1px !important;}&#8220;][vc_empty_space empty_h=&#8220;1&#8243; medium_visibility=&#8220;yes&#8220; mobile_visibility=&#8220;yes&#8220;][vc_column_text]<\/p>\n<h2><a href=\"https:\/\/app.file-express.ch\/de\/transfer\" target=\"_blank\" rel=\"noopener noreferrer\">FREE<\/a><\/h2>\n<p>Wir bieten Ihnen die M\u00f6glichkeit File-Express kostenlos zu nutzen und von den eingesetzten innovativen Technologien zu profitieren. Mit unserem Angebot FREE k\u00f6nnen Sie sofort mit dem Dateitransfer starten und von folgenden Vorteilen profitieren:[\/vc_column_text][vc_empty_space empty_h=&#8220;1&#8243;][vc_button border_animation=&#8220;btn-ripple-out&#8220; border_width=&#8220;0&#8243; link=&#8220;url:https%3A%2F%2Fapp.file-express.ch%2Fde%2Fsign-up|target:_blank&#8220;]Jetzt Anmelden[\/vc_button][vc_empty_space empty_h=&#8220;2&#8243; medium_visibility=&#8220;yes&#8220; mobile_visibility=&#8220;yes&#8220;][vc_column_text]<\/p>\n<ul>\n<li>Einfache Transfers bis 300 MB<\/li>\n<li>7 Tage G\u00fcltigkeit f\u00fcr Downloads<\/li>\n<li>Bis zu 50 Transfers pro Jahr<\/li>\n<li>Bis zu 6 Empf\u00e4nger pro Transfer<\/li>\n<li>Email-Adresse muss nicht bei jedem Transfer verifiziert werden<\/li>\n<\/ul>\n<p>Single user[\/vc_column_text][vc_empty_space empty_h=&#8220;1&#8243; desktop_visibility=&#8220;yes&#8220;][\/vc_column_inner][\/vc_row_inner][\/vc_column][\/vc_row]<\/p>\n","protected":false},"excerpt":{"rendered":"<p>[vc_row][vc_column width=&#8220;1\/3&#8243;][uncode_pricing title=&#8220;SMART&#8220; price=&#8220;CHF 8.25 | j\u00e4hrliche Abrechnung (99.-)&#8220; hover_fx=&#8220;outlined&#8220; price_color=&#8220;color-205653&#8243; col_elements=&#8220;tb&#8220; align=&#8220;left&#8220; button=&#8220;url:https%3A%2F%2Fapp.file-express.ch%2Fde%2Fsign-up|title:Jetzt%20anmelden!&#8220; body=&#8220;Unbeschr\u00e4nkte Anzahl Transfers Unlimitierte Dateigr\u00f6sse Downloads [&hellip;]<\/p>\n","protected":false},"author":1,"featured_media":0,"parent":0,"menu_order":5,"comment_status":"closed","ping_status":"closed","template":"","meta":[],"yoast_head":"<!-- This site is optimized with the Yoast SEO plugin v16.9 - https:\/\/yoast.com\/wordpress\/plugins\/seo\/ -->\n<title>Angebot &ndash; FILE-EXPRESS : Mehr Vertraulichkeit f\u00fcr wenig Geld<\/title>\n<meta name=\"description\" content=\"Unser Angebot SMART erf\u00fcllt erh\u00f6hte Anforderungen an Sicherheit, Vertraulichkeit und Nachvollziehbarkeit f\u00fcr Ihres Dateitransfers.\" \/>\n<meta name=\"robots\" content=\"index, follow, max-snippet:-1, max-image-preview:large, max-video-preview:-1\" \/>\n<link rel=\"canonical\" href=\"https:\/\/www.file-express.ch\/de\/angebot\/\" \/>\n<meta property=\"og:locale\" content=\"de_DE\" \/>\n<meta property=\"og:type\" content=\"article\" \/>\n<meta property=\"og:title\" content=\"Angebot &ndash; FILE-EXPRESS : Mehr Vertraulichkeit f\u00fcr wenig Geld\" \/>\n<meta property=\"og:description\" content=\"Unser Angebot SMART erf\u00fcllt erh\u00f6hte Anforderungen an Sicherheit, Vertraulichkeit und Nachvollziehbarkeit f\u00fcr Ihres Dateitransfers.\" \/>\n<meta property=\"og:url\" content=\"https:\/\/www.file-express.ch\/de\/angebot\/\" \/>\n<meta property=\"og:site_name\" content=\"FILE-EXPRESS\" \/>\n<meta property=\"article:modified_time\" content=\"2021-09-24T07:48:23+00:00\" \/>\n<meta name=\"twitter:card\" content=\"summary_large_image\" \/>\n<meta name=\"twitter:label1\" content=\"Gesch\u00e4tzte Lesezeit\" \/>\n\t<meta name=\"twitter:data1\" content=\"2\u00a0Minuten\" \/>\n<script type=\"application\/ld+json\" class=\"yoast-schema-graph\">{\"@context\":\"https:\/\/schema.org\",\"@graph\":[{\"@type\":\"Organization\",\"@id\":\"https:\/\/www.file-express.ch\/de\/#organization\",\"name\":\"FILE-EXPRESS\",\"url\":\"https:\/\/www.file-express.ch\/de\/\",\"sameAs\":[],\"logo\":{\"@type\":\"ImageObject\",\"@id\":\"https:\/\/www.file-express.ch\/de\/#logo\",\"inLanguage\":\"de\",\"url\":\"\",\"contentUrl\":\"\",\"caption\":\"FILE-EXPRESS\"},\"image\":{\"@id\":\"https:\/\/www.file-express.ch\/de\/#logo\"}},{\"@type\":\"WebSite\",\"@id\":\"https:\/\/www.file-express.ch\/de\/#website\",\"url\":\"https:\/\/www.file-express.ch\/de\/\",\"name\":\"FILE-EXPRESS\",\"description\":\"by Swiss Cyber Gate\",\"publisher\":{\"@id\":\"https:\/\/www.file-express.ch\/de\/#organization\"},\"potentialAction\":[{\"@type\":\"SearchAction\",\"target\":{\"@type\":\"EntryPoint\",\"urlTemplate\":\"https:\/\/www.file-express.ch\/de\/?s={search_term_string}\"},\"query-input\":\"required name=search_term_string\"}],\"inLanguage\":\"de\"},{\"@type\":\"WebPage\",\"@id\":\"https:\/\/www.file-express.ch\/de\/angebot\/#webpage\",\"url\":\"https:\/\/www.file-express.ch\/de\/angebot\/\",\"name\":\"Angebot &ndash; FILE-EXPRESS : Mehr Vertraulichkeit f\\u00fcr wenig Geld\",\"isPartOf\":{\"@id\":\"https:\/\/www.file-express.ch\/de\/#website\"},\"datePublished\":\"2020-11-19T10:52:48+00:00\",\"dateModified\":\"2021-09-24T07:48:23+00:00\",\"description\":\"Unser Angebot SMART erf\\u00fcllt erh\\u00f6hte Anforderungen an Sicherheit, Vertraulichkeit und Nachvollziehbarkeit f\\u00fcr Ihres Dateitransfers.\",\"breadcrumb\":{\"@id\":\"https:\/\/www.file-express.ch\/de\/angebot\/#breadcrumb\"},\"inLanguage\":\"de\",\"potentialAction\":[{\"@type\":\"ReadAction\",\"target\":[\"https:\/\/www.file-express.ch\/de\/angebot\/\"]}]},{\"@type\":\"BreadcrumbList\",\"@id\":\"https:\/\/www.file-express.ch\/de\/angebot\/#breadcrumb\",\"itemListElement\":[{\"@type\":\"ListItem\",\"position\":1,\"name\":\"Startseite\",\"item\":\"https:\/\/www.file-express.ch\/de\/\"},{\"@type\":\"ListItem\",\"position\":2,\"name\":\"Angebot\"}]}]}<\/script>\n<!-- \/ Yoast SEO plugin. -->","yoast_head_json":{"title":"Angebot &ndash; FILE-EXPRESS : Mehr Vertraulichkeit f\u00fcr wenig Geld","description":"Unser Angebot SMART erf\u00fcllt erh\u00f6hte Anforderungen an Sicherheit, Vertraulichkeit und Nachvollziehbarkeit f\u00fcr Ihres Dateitransfers.","robots":{"index":"index","follow":"follow","max-snippet":"max-snippet:-1","max-image-preview":"max-image-preview:large","max-video-preview":"max-video-preview:-1"},"canonical":"https:\/\/www.file-express.ch\/de\/angebot\/","og_locale":"de_DE","og_type":"article","og_title":"Angebot &ndash; FILE-EXPRESS : Mehr Vertraulichkeit f\u00fcr wenig Geld","og_description":"Unser Angebot SMART erf\u00fcllt erh\u00f6hte Anforderungen an Sicherheit, Vertraulichkeit und Nachvollziehbarkeit f\u00fcr Ihres Dateitransfers.","og_url":"https:\/\/www.file-express.ch\/de\/angebot\/","og_site_name":"FILE-EXPRESS","article_modified_time":"2021-09-24T07:48:23+00:00","twitter_card":"summary_large_image","twitter_misc":{"Gesch\u00e4tzte Lesezeit":"2\u00a0Minuten"},"schema":{"@context":"https:\/\/schema.org","@graph":[{"@type":"Organization","@id":"https:\/\/www.file-express.ch\/de\/#organization","name":"FILE-EXPRESS","url":"https:\/\/www.file-express.ch\/de\/","sameAs":[],"logo":{"@type":"ImageObject","@id":"https:\/\/www.file-express.ch\/de\/#logo","inLanguage":"de","url":"","contentUrl":"","caption":"FILE-EXPRESS"},"image":{"@id":"https:\/\/www.file-express.ch\/de\/#logo"}},{"@type":"WebSite","@id":"https:\/\/www.file-express.ch\/de\/#website","url":"https:\/\/www.file-express.ch\/de\/","name":"FILE-EXPRESS","description":"by Swiss Cyber Gate","publisher":{"@id":"https:\/\/www.file-express.ch\/de\/#organization"},"potentialAction":[{"@type":"SearchAction","target":{"@type":"EntryPoint","urlTemplate":"https:\/\/www.file-express.ch\/de\/?s={search_term_string}"},"query-input":"required name=search_term_string"}],"inLanguage":"de"},{"@type":"WebPage","@id":"https:\/\/www.file-express.ch\/de\/angebot\/#webpage","url":"https:\/\/www.file-express.ch\/de\/angebot\/","name":"Angebot &ndash; FILE-EXPRESS : Mehr Vertraulichkeit f\u00fcr wenig Geld","isPartOf":{"@id":"https:\/\/www.file-express.ch\/de\/#website"},"datePublished":"2020-11-19T10:52:48+00:00","dateModified":"2021-09-24T07:48:23+00:00","description":"Unser Angebot SMART erf\u00fcllt erh\u00f6hte Anforderungen an Sicherheit, Vertraulichkeit und Nachvollziehbarkeit f\u00fcr Ihres Dateitransfers.","breadcrumb":{"@id":"https:\/\/www.file-express.ch\/de\/angebot\/#breadcrumb"},"inLanguage":"de","potentialAction":[{"@type":"ReadAction","target":["https:\/\/www.file-express.ch\/de\/angebot\/"]}]},{"@type":"BreadcrumbList","@id":"https:\/\/www.file-express.ch\/de\/angebot\/#breadcrumb","itemListElement":[{"@type":"ListItem","position":1,"name":"Startseite","item":"https:\/\/www.file-express.ch\/de\/"},{"@type":"ListItem","position":2,"name":"Angebot"}]}]}},"_links":{"self":[{"href":"https:\/\/www.file-express.ch\/de\/wp-json\/wp\/v2\/pages\/643"}],"collection":[{"href":"https:\/\/www.file-express.ch\/de\/wp-json\/wp\/v2\/pages"}],"about":[{"href":"https:\/\/www.file-express.ch\/de\/wp-json\/wp\/v2\/types\/page"}],"author":[{"embeddable":true,"href":"https:\/\/www.file-express.ch\/de\/wp-json\/wp\/v2\/users\/1"}],"replies":[{"embeddable":true,"href":"https:\/\/www.file-express.ch\/de\/wp-json\/wp\/v2\/comments?post=643"}],"version-history":[{"count":66,"href":"https:\/\/www.file-express.ch\/de\/wp-json\/wp\/v2\/pages\/643\/revisions"}],"predecessor-version":[{"id":2285,"href":"https:\/\/www.file-express.ch\/de\/wp-json\/wp\/v2\/pages\/643\/revisions\/2285"}],"wp:attachment":[{"href":"https:\/\/www.file-express.ch\/de\/wp-json\/wp\/v2\/media?parent=643"}],"curies":[{"name":"wp","href":"https:\/\/api.w.org\/{rel}","templated":true}]}}