{"id":60,"date":"2020-11-16T08:53:10","date_gmt":"2020-11-16T08:53:10","guid":{"rendered":"https:\/\/file-express.ch\/faq\/"},"modified":"2021-09-24T07:44:27","modified_gmt":"2021-09-24T07:44:27","slug":"faq","status":"publish","type":"page","link":"https:\/\/www.file-express.ch\/de\/faq\/","title":{"rendered":"FAQ"},"content":{"rendered":"<p>[vc_row row_height_percent=&#8220;0&#8243; override_padding=&#8220;yes&#8220; h_padding=&#8220;2&#8243; top_padding=&#8220;0&#8243; bottom_padding=&#8220;5&#8243; overlay_alpha=&#8220;50&#8243; gutter_size=&#8220;3&#8243; column_width_percent=&#8220;100&#8243; shift_y=&#8220;0&#8243; z_index=&#8220;0&#8243;][vc_column column_width_percent=&#8220;100&#8243; position_horizontal=&#8220;left&#8220; gutter_size=&#8220;3&#8243; expand_height=&#8220;yes&#8220; overlay_alpha=&#8220;50&#8243; shift_x=&#8220;0&#8243; shift_y=&#8220;0&#8243; shift_y_down=&#8220;0&#8243; z_index=&#8220;0&#8243; medium_width=&#8220;0&#8243; mobile_width=&#8220;0&#8243; width=&#8220;2\/3&#8243;][vc_column_text text_lead=&#8220;yes&#8220;]File-Express ist ein einfaches, Cloud basiertes und auf gesch\u00e4ftliche Bed\u00fcrfnisse zugeschnittenes Angebot f\u00fcr die \u00dcbertragung von elektronischen Dateien. F\u00fcr die Nutzung der Dienste gen\u00fcgt ein Browser.[\/vc_column_text][vc_accordion typography=&#8220;yes&#8220; active_tab=&#8220;0&#8243;][vc_accordion_tab gutter_size=&#8220;2&#8243; column_padding=&#8220;2&#8243; title=&#8220;Wie es funktioniert&#8220; tab_id=&#8220;1605893177-1-59&#8243;][vc_column_text]Wir wollen Ihnen die sicherste und vertraulichste Umgebung anbieten mit den neusten Technologien und trotzdem garantieren, dass sie in Ihrem Alltag einfach einzusetzen ist:<\/p>\n<p><strong>Wie kann ich Daten versenden?<\/strong><br \/>\nDr\u00fccken Sie auf \u00abDokumente senden\u00bb oder das Plus-Zeichen. Sie gelangen auf die App, wo Sie ihre Daten per drag &amp; drop oder durch einen Klick auf das Plus-Zeichen hochladen. Geben sie E-Mail-Absender- und Empf\u00e4ngeradresse und ihren Begleittext ein. Dr\u00fccken Sie senden.<\/p>\n<p><strong>Wie kann ich rasch Empf\u00e4ngeradressen einf\u00fcgen?<\/strong><br \/>\nSie k\u00f6nnen einen ganzen Text, in dem eine oder mehrere Adressen enthalten sind \u2013 zum Beispiel eine E-Mail \u2013 in das Adressfeld einf\u00fcgen. File-Express filtert automatisch die E-Mail-Adressen aus dem Text.<\/p>\n<p><strong>Was passiert, wenn ich senden dr\u00fccke?<\/strong><br \/>\nAnstelle beispielsweise von E-Mail-Attachments werden einmalige gesicherte Weblinks f\u00fcr den Download versandt. Die Transfers erfolgen in jedem Fall verschl\u00fcsselt und k\u00f6nnen je nach Anforderungen im \u00absmart\u00bb-Abonnement mit zus\u00e4tzlichen Sicherheitselementen gesch\u00fctzt und \u00fcberwacht werden. Ihre Dateien werden im \u00abfree\u00bb-Abonnement 7 Tage lang gespeichert und k\u00f6nnen beliebig oft heruntergeladen werden. Im \u00absmart\u00bb-Abonnement k\u00f6nnen Sie die Verf\u00fcgbarkeit selber anpassen.<\/p>\n<p><strong>Muss ich mich registrieren?<\/strong><br \/>\nSie k\u00f6nnen Dateien kostenlos mit oder ohne Registrierung \u00fcber unser frei zug\u00e4ngliches Self-Service-Tool transferieren. Ohne zu Registrieren ben\u00f6tigen Sie lediglich eine Empf\u00e4nger und eine Absender E-Mail-Adresse. Wenn Sie sich registrieren, haben Sie zus\u00e4tzlich Zugriff auf ihre bisher genutzten Kontakte und Verlauf ihrer Transfers.<\/p>\n<p><strong>Wie viele Daten kann ich transferieren?<\/strong><br \/>\nKostenlos k\u00f6nnen Sie bis zu 300 MB versenden. Beim \u00absmart\u00bb-Abonnement ist die Datenmenge grunds\u00e4tzlich nicht begrenzt. Bei sehr grossen Dateien mit mehr als 10 GB kann der Upload je nach Internetverbindung sehr lange dauern.<\/p>\n<p><strong>Wie viele Dateien kann ich auf einmal \u00fcbermitteln?<\/strong><br \/>\nWenn Sie sehr viele Dateien (mehr als 1000) miteinander hochladen, kann dies seitens des Browsers zu Problemen mit der Verarbeitung und damit auch zu einer Verlangsamung f\u00fchren. M\u00f6glicherweise m\u00fcssen Sie den Upload erneut starten. Maximal k\u00f6nnen Sie bis zu 2500 Dateien pro Transfer versenden. Diese k\u00f6nnen vom Empf\u00e4nger in einem Schritt in einer ZIP-Datei heruntergeladen werden.[\/vc_column_text][\/vc_accordion_tab][vc_accordion_tab gutter_size=&#8220;2&#8243; column_padding=&#8220;2&#8243; title=&#8220;Was transferiert werden kann&#8220; tab_id=&#8220;1605893589884-1-8&#8243;][vc_column_text]Sie k\u00f6nnen jegliche Dateiformate und &#8211; gr\u00f6ssen \u00fcbermitteln, z.B. vertrauliche Vertr\u00e4ge, Konstruktionsdaten, besonders sch\u00fctzenswerte Personendaten oder ganze virtuelle Maschinen und Datenbanken.<\/p>\n<p><strong>Kann ich auch sensible Daten \u00fcbermitteln?<\/strong><br \/>\nSwiss Cyber Gate AG und der angebotene Dienst File-Express sind spezifisch auf Vertraulichkeit Privatsph\u00e4re und Datenschutz ausgerichtet. Mit dem Ziel, unseren Kunden \u00fcberzeugende L\u00f6sungen f\u00fcr die \u00dcbertragung von elektronischen Dateien im gesch\u00e4ftlichen Kontext zur Verf\u00fcgung zu stellen, stehen wir auf zwei Dimensionen kompromisslos f\u00fcr Sicherheit und Vertraulichkeit &#8211; im Bereich von technischen und organisatorischen Sicherheitsmassnahmen.[\/vc_column_text][\/vc_accordion_tab][vc_accordion_tab gutter_size=&#8220;2&#8243; column_padding=&#8220;2&#8243; title=&#8220;An wen sich das Angebot richtet&#8220; tab_id=&#8220;1605958176312-2-0&#8243;][vc_column_text]Die L\u00f6sung richtet sich an Mitarbeitende von kleinen und grossen Organisationen, welche in ihrem gesch\u00e4ftlichen Kontext grosse und\/oder vertrauliche Dateien austauschen, jedoch keine komplexe Infrastruktur aufbauen wollen.<\/p>\n<p><strong>F\u00fcr welche Branchen eignet sich File Express besonders?<\/strong><br \/>\nFile-Express richtet sich an Firmen aller Branchen. Ein Bedarf nach vertraulichem Datei-Transfer kann sich, branchen\u00fcbergreifend, z.B. im Bereich des Personalmanagements ergeben &#8211; der Transfer von besonders sch\u00fctzenswerten Personendaten im Rahmen der Kommunikation mit der Pensionskasse, Versicherungen oder Anw\u00e4lten w\u00e4ren typische Use Cases. Andererseits gibt es auch branchenspezifische Anwendungen wie sensitive Dateien von Ingenieurb\u00fcros oder Engineering-Abteilungen, Design- und Medienagenturen oder -abteilungen. IT-Firmen oder IT-Abteilungen m\u00f6chten teilweise ganze virtuelle Maschinen oder produktive Datenbanken transferieren. Eine weitere Kundengruppe sind Anwaltskanzleien oder Rechtsabteilungen von Firmen. Grunds\u00e4tzlich richtet sich File-Express an alle, die bei der \u00dcbermittlung ihrer Dateien die Privatsph\u00e4re wahren wollen.[\/vc_column_text][\/vc_accordion_tab][vc_accordion_tab gutter_size=&#8220;2&#8243; column_padding=&#8220;2&#8243; title=&#8220;Abonnemente&#8220; tab_id=&#8220;1605958178538-3-8&#8243;][vc_column_text]Wir bieten ein kostenloses Angebot \u00abfree\u00bb sowie ein umfangreiches \u00absmart\u00bb-Abonnement an:<\/p>\n<p><strong>Was beinhaltet das \u00abfree\u00bb-Abonnement?<\/strong><br \/>\nTransferieren Sie Dateien kostenlos mit oder ohne Registrierung \u00fcber unser frei zug\u00e4ng-liches Self-Service-Tool. Laden Sie Ihre Dateien per drag &amp; drop oder durch einen Klick auf die File-Express-Rakete hoch und versenden Sie bis zu 300 MB. Ihre Dateien werden 7 Tage lang gespeichert und k\u00f6nnen beliebig oft heruntergeladen werden. Wir stellen Ihnen diesen Service bis zu 50x pro Jahr kostenlos zur Verf\u00fcgung.<\/p>\n<p><strong>Was beinhaltet das \u00absmart\u00bb-Abonnement?<\/strong><br \/>\nTransferieren Sie Dateien in der Anzahl und Gr\u00f6sse unlimitiert, auf Wunsch gesch\u00fctzt mit Passwort sowie nachvollziehbar und gut dokumentiert in Form eines PDF-Journals. Sie k\u00f6nnen den Status des Transfers im Verlauf pr\u00fcfen und die Informationen zur G\u00fcltigkeit, Anzahl Zugriffe und Status der Dateien verifizieren. Informationen zu Ihren Transfers und Downloads der Empf\u00e4nger werden gespeichert und sind jederzeit f\u00fcr Sie einseh- und auswertbar. Wie lange die Dateien zum Download bereitstehen, kann pro Transfer individuell festgelegt werden. Maximal k\u00f6nnen sie bis zu 365 Tage bereitgestellt werden.<\/p>\n<p>Sie k\u00f6nnen den Transfer mit einem einmaligen Passwort pro Empf\u00e4nger sch\u00fctzen. Dieses kann entweder per SMS oder mit einer zus\u00e4tzlichen E-Mail gesendet werden. Aus Sicherheitsgr\u00fcnden empfehlen wir einen separaten Kanal.[\/vc_column_text][\/vc_accordion_tab][vc_accordion_tab gutter_size=&#8220;2&#8243; column_padding=&#8220;2&#8243; title=&#8220;Einschreiben&#8220; tab_id=&#8220;1632469002944-6-9&#8243;][vc_column_text]<strong>Was ist ein eingeschriebener Transfer?<\/strong><br \/>\nMit dem Einschreiben k\u00f6nnen File-Express SMART-Nutzerinnen und Nutzer belegen, dass sie ein Dokument zugestellt haben, vergleichbar mit dem Eingeschriebenen Brief in der analogen Welt.<\/p>\n<p><strong>Wie garantiert ein eingeschriebener Transfer die Zustellung?<\/strong><br \/>\nF\u00fcr das Einschreiben nutzt File-Express sein bereits bekanntes Journal und zus\u00e4tzlich die in anderen Bereichen bereits verl\u00e4sslich eingesetzte, moderne Blockchain-Technologie. Hat der Empf\u00e4nger, die Empf\u00e4ngerin ein Dokument heruntergeladen, darf davon ausgegangen werden, dass der Zugang zum Dokument bewiesen ist. Dies ist aus dem Journal ersichtlich. Mit dem eingeschriebenen Transfer wird dieser Beweis jetzt in der Blockchain unver\u00e4nderlich und unabh\u00e4ngig von File-Express festgehalten.<\/p>\n<p><strong>Kann ich einen eingeschriebenen Transfer belegen?<\/strong><br \/>\nDas pdf-Journal des Einschreibens finden Nutzerinnen und Nutzer im Verlauf ihres SMART-Kontos. In diesem Journal finden Sie auch den Link zum Eintrag in der Blockchain, mit dem Sie die Daten des Transfers jederzeit unabh\u00e4ngig von File-Express verifizieren k\u00f6nnen.<\/p>\n<p><strong>Sind meine Daten \u00f6ffentlich in der Blockchain einsehbar?<\/strong><br \/>\nNein, File-Express sorgt auch in diesem Bereich f\u00fcr einen vertraulichen Umgang mit ihren pers\u00f6nlichen Daten. Weder Ihre E-Mail Adresse, noch der Empf\u00e4nger oder die Dokumente werden direkt in der Blockchain abgelegt \u2013 vielmehr kommen kryptografische Pr\u00fcfsummen zur Anwendung, wie sie auch beim digitalen Signieren von Dokumenten verwendet werden. So sind Dokumente und Beteiligte vollkommen gesch\u00fctzt und trotzdem ist die Nachvollziehbarkeit garantiert.<\/p>\n<p><strong>Welche Blockchain benutzt File-Express?<\/strong><br \/>\nFile-Express benutzt die Polygon Chain.<\/p>\n<p><strong>Wie aktiviere ich einen eingeschriebenen Transfer?<\/strong><br \/>\nSMART-Nutzerinnen und Nutzer k\u00f6nnen das Einschreiben jeweils in einem praktischen Achterpaket kaufen und danach einzeln aktivieren.[\/vc_column_text][\/vc_accordion_tab][vc_accordion_tab gutter_size=&#8220;2&#8243; column_padding=&#8220;2&#8243; title=&#8220;Sicherheit&#8220; tab_id=&#8220;1605958179326-4-6&#8243;][vc_column_text]File-Express fokussiert vollkommen auf die Sicherheit Ihrer Daten. Sicherheit \u2013 insbesondere auch hohe Rechtssicherheit \u2013 sind in der Schweiz wichtige Elemente:<\/p>\n<p><strong>Wo steht die Infrastruktur von File-Express?<\/strong><br \/>\nDie Infrastruktur f\u00fcr unsere Produkte wird ausschliesslich in der Schweiz betrieben.<\/p>\n<p><strong>Wie wird die Sicherheit der Daten garantiert?<\/strong><br \/>\nIhre Daten sind uns wichtig, deshalb werden sie ausschliesslich verschl\u00fcsselt gespeichert und zu den Empf\u00e4ngern \u00fcbermittelt.<\/p>\n<p><strong>Auf welche Technologie setzt File-Express?<\/strong><br \/>\nWir nutzenh\u00f6chste Verschl\u00fcsselungsstufen im HTTPS Protokoll. S\u00e4mtliche Transfers werden per Transport Layer Security (TLS) in der neusten Version 1.2 mit h\u00f6chster Sicherheitsstufe und der Verwendung von PFS (perfect forward secrecy) verschl\u00fcsselt (in transit security). F\u00fcr die lokale Verschl\u00fcsselung der Dateien (at rest security) verwenden wir AES-XTS mit 512 Bit Key Size.<\/p>\n<p><strong>Wie lange sind meine Daten bei File-Express gespeichert?<\/strong><br \/>\nWir l\u00f6schen alle Dateien nach Ablauf der Downloadfristen oder vorgegebenen Anzahl Transfers automatisch. Sie haben aber die M\u00f6glichkeit die Logdateien aufzubewahren, um Ihnen sp\u00e4ter Zugriffe darauf f\u00fcr die Nachvollziehbarkeit zu geben.<\/p>\n<p><strong>Hat File-Express Zugriff auf meine Daten?<\/strong><br \/>\nJeder Dateitransfer zwischen Absender und Empf\u00e4nger wird vertraulich behandelt. Die File-Express beansprucht kein Eigentum an den Inhalten der Dateien, welche die Nutzer \u00fcber die angebotenen Dienste \u00fcbertragen, die Verantwortung verbleibt vollst\u00e4ndig und allein bei den Nutzern. Die Swiss Cyber Gate AG wird den Inhalt der \u00dcbertragung oder die Dateien nicht pr\u00fcfen, es sei denn, dies ist notwendig beispielsweise aufgrund eines Gerichtsbeschlusses oder Zusammenarbeit mit Strafverfolgungsbeh\u00f6rden.<\/p>\n<p><strong>Habe ich noch zus\u00e4tzliche M\u00f6glichkeiten, die Sicherheit zu erh\u00f6hen?<\/strong><br \/>\nZus\u00e4tzliche Einstellungen f\u00fcr erh\u00f6hte Sicher-heit sind f\u00fcr \u00absmart\u00bb-Kunden verf\u00fcgbar. Auto-risierung des Empf\u00e4ngers von Download-Links durch einen individuellen PIN, welcher via SMS oder einer separaten Email versandt wird. Zugriffe auf Dateien k\u00f6nnen beschr\u00e4nkt werden &#8211; Laufzeitbeschr\u00e4nkung: Zugriff nur bis zu einem bestimmten Datum erlauben oder Downloads: Anzahl Downloads beschr\u00e4nken &#8211; GeoIP: Einschr\u00e4nkungen aufgrund von L\u00e4ndern\/Kontinenten.[\/vc_column_text][\/vc_accordion_tab][vc_accordion_tab gutter_size=&#8220;2&#8243; column_padding=&#8220;2&#8243; title=&#8220;Vertraulichkeit&#8220; tab_id=&#8220;1605958180001-5-3&#8243;][vc_column_text]Swiss Cyber Gate AG stellt mit File-Express einen Dienst zur Verf\u00fcgung, welcher in Bezug auf die Privatsph\u00e4re der Nutzer und die Vertraulichkeit der Daten h\u00f6chsten Anspr\u00fcchen gen\u00fcgen will. File-Express ist spezifisch f\u00fcr den Transfer von Daten wie z.B. besonders sch\u00fctzenswerte Personendaten, vertrauliche Vertr\u00e4ge und Konstruktionsdaten oder ganze produktive Datenbanken ausgerichtet &#8211; in vielen F\u00e4llen f\u00fcr Kunden aus gesetzlich streng geregelten oder unter strenger Regulierung stehenden Organisationen. Privatsph\u00e4re und Vertraulichkeit haben in der Schweiz eine lange Tradition &#8211; strikte Regeln im Bereich Datenschutz ist in diesem Land ein wichtiges Element.<\/p>\n<p><strong>Werden die Daten zu meinem Nutzungsverhalten an Dritte weitergegeben?<\/strong><br \/>\nIn unseren Applikationen sind keine Profiling Tools, keine Tracker und keine Daten\u00fcbermittlung an Drittparteien eingebaut, welche jeden Mausklick auf ihrer Applikation verfolgen, alle Aktionen aufzuzeichnen und jede Interaktion verfolgen w\u00fcrde. Unser Business basiert auf Abonnements und nicht auf der Sammlung von Daten. Technisch haben wir sogar eine strikte Trennung vorgenommen zwischen der Website file-express.ch, auf welcher wir als Firma das Click- und Nutzerverhalten f\u00fcr das eigene Monitoring messen und dem eigentlichen Transfer-Tool app.file-express.ch, auf welchem keinerlei Beobachtung m\u00f6glich ist.<\/p>\n<p><strong>Gibt Swiss Cyber Gate die personenbezogenen Daten an Dritte weiter?<\/strong><br \/>\nSwiss Cyber Gate wird personenbezogene Daten grunds\u00e4tzlich nicht an Dritte weitergeben. Ausnahmen werden auf ausdr\u00fccklichen Wunsch der Nutzer und in F\u00e4llen, die mit einem potenziellen Betrug zusammenh\u00e4ngen oder gesetzlich vorgeschrieben sind, gemacht.<\/p>\n<p><strong>Warum setzt File-Express keine Tracker ein?<\/strong><br \/>\nDie kompromisslose Ausrichtung von File-Express basiert auf der Gesch\u00e4ftsphilosophie von Swiss Cyber Gate AG, welche stark auf die Einhaltung des Grundprinzips der Vertraulichkeit im Bereich der IT-Sicherheit ausgerichtet ist. Gleichzeitig wollen wir einem Nutzerbed\u00fcrfnis entsprechen und uns klar differenzieren und positionieren im Vergleich zu werbefinanzierten Diensten. Werbefinanzierte Dienste im Internet benutzen eine Reihe von Trackern, Werbeeinblendungen, Tagging-Sites und Profiling Tools. Technisch gesehen werden somit Daten an Drittparteien weitergegeben und viele Vorkommnisse in der Vergangenheit haben gezeigt, dass dies die Sicherheit und Vertraulichkeit massiv untergr\u00e4bt.[\/vc_column_text][\/vc_accordion_tab][\/vc_accordion][\/vc_column][vc_column width=&#8220;1\/3&#8243;][\/vc_column][\/vc_row]<\/p>\n","protected":false},"excerpt":{"rendered":"<p>[vc_row row_height_percent=&#8220;0&#8243; override_padding=&#8220;yes&#8220; h_padding=&#8220;2&#8243; top_padding=&#8220;0&#8243; bottom_padding=&#8220;5&#8243; overlay_alpha=&#8220;50&#8243; gutter_size=&#8220;3&#8243; column_width_percent=&#8220;100&#8243; shift_y=&#8220;0&#8243; z_index=&#8220;0&#8243;][vc_column column_width_percent=&#8220;100&#8243; position_horizontal=&#8220;left&#8220; gutter_size=&#8220;3&#8243; expand_height=&#8220;yes&#8220; overlay_alpha=&#8220;50&#8243; shift_x=&#8220;0&#8243; shift_y=&#8220;0&#8243; shift_y_down=&#8220;0&#8243; z_index=&#8220;0&#8243; [&hellip;]<\/p>\n","protected":false},"author":1,"featured_media":0,"parent":0,"menu_order":3,"comment_status":"closed","ping_status":"closed","template":"","meta":[],"yoast_head":"<!-- This site is optimized with the Yoast SEO plugin v16.9 - https:\/\/yoast.com\/wordpress\/plugins\/seo\/ -->\n<title>FAQ &ndash; FILE-EXPRESS : F\u00fcr den vertraulichen Transfer Ihrer Dateien<\/title>\n<meta name=\"description\" content=\"File-Express ist ein auf gesch\u00e4ftliche Bed\u00fcrfnisse zugeschnittenes Angebot f\u00fcr die \u00dcbertragung von elektronischen Dateien.\" \/>\n<meta name=\"robots\" content=\"index, follow, max-snippet:-1, max-image-preview:large, max-video-preview:-1\" \/>\n<link rel=\"canonical\" href=\"https:\/\/www.file-express.ch\/de\/faq\/\" \/>\n<meta property=\"og:locale\" content=\"de_DE\" \/>\n<meta property=\"og:type\" content=\"article\" \/>\n<meta property=\"og:title\" content=\"FAQ &ndash; FILE-EXPRESS : F\u00fcr den vertraulichen Transfer Ihrer Dateien\" \/>\n<meta property=\"og:description\" content=\"File-Express ist ein auf gesch\u00e4ftliche Bed\u00fcrfnisse zugeschnittenes Angebot f\u00fcr die \u00dcbertragung von elektronischen Dateien.\" \/>\n<meta property=\"og:url\" content=\"https:\/\/www.file-express.ch\/de\/faq\/\" \/>\n<meta property=\"og:site_name\" content=\"FILE-EXPRESS\" \/>\n<meta property=\"article:modified_time\" content=\"2021-09-24T07:44:27+00:00\" \/>\n<meta name=\"twitter:card\" content=\"summary_large_image\" \/>\n<meta name=\"twitter:label1\" content=\"Gesch\u00e4tzte Lesezeit\" \/>\n\t<meta name=\"twitter:data1\" content=\"8\u00a0Minuten\" \/>\n<script type=\"application\/ld+json\" class=\"yoast-schema-graph\">{\"@context\":\"https:\/\/schema.org\",\"@graph\":[{\"@type\":\"Organization\",\"@id\":\"https:\/\/www.file-express.ch\/de\/#organization\",\"name\":\"FILE-EXPRESS\",\"url\":\"https:\/\/www.file-express.ch\/de\/\",\"sameAs\":[],\"logo\":{\"@type\":\"ImageObject\",\"@id\":\"https:\/\/www.file-express.ch\/de\/#logo\",\"inLanguage\":\"de\",\"url\":\"\",\"contentUrl\":\"\",\"caption\":\"FILE-EXPRESS\"},\"image\":{\"@id\":\"https:\/\/www.file-express.ch\/de\/#logo\"}},{\"@type\":\"WebSite\",\"@id\":\"https:\/\/www.file-express.ch\/de\/#website\",\"url\":\"https:\/\/www.file-express.ch\/de\/\",\"name\":\"FILE-EXPRESS\",\"description\":\"by Swiss Cyber Gate\",\"publisher\":{\"@id\":\"https:\/\/www.file-express.ch\/de\/#organization\"},\"potentialAction\":[{\"@type\":\"SearchAction\",\"target\":{\"@type\":\"EntryPoint\",\"urlTemplate\":\"https:\/\/www.file-express.ch\/de\/?s={search_term_string}\"},\"query-input\":\"required name=search_term_string\"}],\"inLanguage\":\"de\"},{\"@type\":\"WebPage\",\"@id\":\"https:\/\/www.file-express.ch\/de\/faq\/#webpage\",\"url\":\"https:\/\/www.file-express.ch\/de\/faq\/\",\"name\":\"FAQ &ndash; FILE-EXPRESS : F\\u00fcr den vertraulichen Transfer Ihrer Dateien\",\"isPartOf\":{\"@id\":\"https:\/\/www.file-express.ch\/de\/#website\"},\"datePublished\":\"2020-11-16T08:53:10+00:00\",\"dateModified\":\"2021-09-24T07:44:27+00:00\",\"description\":\"File-Express ist ein auf gesch\\u00e4ftliche Bed\\u00fcrfnisse zugeschnittenes Angebot f\\u00fcr die \\u00dcbertragung von elektronischen Dateien.\",\"breadcrumb\":{\"@id\":\"https:\/\/www.file-express.ch\/de\/faq\/#breadcrumb\"},\"inLanguage\":\"de\",\"potentialAction\":[{\"@type\":\"ReadAction\",\"target\":[\"https:\/\/www.file-express.ch\/de\/faq\/\"]}]},{\"@type\":\"BreadcrumbList\",\"@id\":\"https:\/\/www.file-express.ch\/de\/faq\/#breadcrumb\",\"itemListElement\":[{\"@type\":\"ListItem\",\"position\":1,\"name\":\"Startseite\",\"item\":\"https:\/\/www.file-express.ch\/de\/\"},{\"@type\":\"ListItem\",\"position\":2,\"name\":\"FAQ\"}]}]}<\/script>\n<!-- \/ Yoast SEO plugin. -->","yoast_head_json":{"title":"FAQ &ndash; FILE-EXPRESS : F\u00fcr den vertraulichen Transfer Ihrer Dateien","description":"File-Express ist ein auf gesch\u00e4ftliche Bed\u00fcrfnisse zugeschnittenes Angebot f\u00fcr die \u00dcbertragung von elektronischen Dateien.","robots":{"index":"index","follow":"follow","max-snippet":"max-snippet:-1","max-image-preview":"max-image-preview:large","max-video-preview":"max-video-preview:-1"},"canonical":"https:\/\/www.file-express.ch\/de\/faq\/","og_locale":"de_DE","og_type":"article","og_title":"FAQ &ndash; FILE-EXPRESS : F\u00fcr den vertraulichen Transfer Ihrer Dateien","og_description":"File-Express ist ein auf gesch\u00e4ftliche Bed\u00fcrfnisse zugeschnittenes Angebot f\u00fcr die \u00dcbertragung von elektronischen Dateien.","og_url":"https:\/\/www.file-express.ch\/de\/faq\/","og_site_name":"FILE-EXPRESS","article_modified_time":"2021-09-24T07:44:27+00:00","twitter_card":"summary_large_image","twitter_misc":{"Gesch\u00e4tzte Lesezeit":"8\u00a0Minuten"},"schema":{"@context":"https:\/\/schema.org","@graph":[{"@type":"Organization","@id":"https:\/\/www.file-express.ch\/de\/#organization","name":"FILE-EXPRESS","url":"https:\/\/www.file-express.ch\/de\/","sameAs":[],"logo":{"@type":"ImageObject","@id":"https:\/\/www.file-express.ch\/de\/#logo","inLanguage":"de","url":"","contentUrl":"","caption":"FILE-EXPRESS"},"image":{"@id":"https:\/\/www.file-express.ch\/de\/#logo"}},{"@type":"WebSite","@id":"https:\/\/www.file-express.ch\/de\/#website","url":"https:\/\/www.file-express.ch\/de\/","name":"FILE-EXPRESS","description":"by Swiss Cyber Gate","publisher":{"@id":"https:\/\/www.file-express.ch\/de\/#organization"},"potentialAction":[{"@type":"SearchAction","target":{"@type":"EntryPoint","urlTemplate":"https:\/\/www.file-express.ch\/de\/?s={search_term_string}"},"query-input":"required name=search_term_string"}],"inLanguage":"de"},{"@type":"WebPage","@id":"https:\/\/www.file-express.ch\/de\/faq\/#webpage","url":"https:\/\/www.file-express.ch\/de\/faq\/","name":"FAQ &ndash; FILE-EXPRESS : F\u00fcr den vertraulichen Transfer Ihrer Dateien","isPartOf":{"@id":"https:\/\/www.file-express.ch\/de\/#website"},"datePublished":"2020-11-16T08:53:10+00:00","dateModified":"2021-09-24T07:44:27+00:00","description":"File-Express ist ein auf gesch\u00e4ftliche Bed\u00fcrfnisse zugeschnittenes Angebot f\u00fcr die \u00dcbertragung von elektronischen Dateien.","breadcrumb":{"@id":"https:\/\/www.file-express.ch\/de\/faq\/#breadcrumb"},"inLanguage":"de","potentialAction":[{"@type":"ReadAction","target":["https:\/\/www.file-express.ch\/de\/faq\/"]}]},{"@type":"BreadcrumbList","@id":"https:\/\/www.file-express.ch\/de\/faq\/#breadcrumb","itemListElement":[{"@type":"ListItem","position":1,"name":"Startseite","item":"https:\/\/www.file-express.ch\/de\/"},{"@type":"ListItem","position":2,"name":"FAQ"}]}]}},"_links":{"self":[{"href":"https:\/\/www.file-express.ch\/de\/wp-json\/wp\/v2\/pages\/60"}],"collection":[{"href":"https:\/\/www.file-express.ch\/de\/wp-json\/wp\/v2\/pages"}],"about":[{"href":"https:\/\/www.file-express.ch\/de\/wp-json\/wp\/v2\/types\/page"}],"author":[{"embeddable":true,"href":"https:\/\/www.file-express.ch\/de\/wp-json\/wp\/v2\/users\/1"}],"replies":[{"embeddable":true,"href":"https:\/\/www.file-express.ch\/de\/wp-json\/wp\/v2\/comments?post=60"}],"version-history":[{"count":42,"href":"https:\/\/www.file-express.ch\/de\/wp-json\/wp\/v2\/pages\/60\/revisions"}],"predecessor-version":[{"id":2132,"href":"https:\/\/www.file-express.ch\/de\/wp-json\/wp\/v2\/pages\/60\/revisions\/2132"}],"wp:attachment":[{"href":"https:\/\/www.file-express.ch\/de\/wp-json\/wp\/v2\/media?parent=60"}],"curies":[{"name":"wp","href":"https:\/\/api.w.org\/{rel}","templated":true}]}}