{"id":19,"date":"2020-11-13T15:29:44","date_gmt":"2020-11-13T15:29:44","guid":{"rendered":"https:\/\/file-express.ch\/?page_id=19"},"modified":"2021-07-26T09:47:54","modified_gmt":"2021-07-26T09:47:54","slug":"file-express","status":"publish","type":"page","link":"https:\/\/www.file-express.ch\/de\/","title":{"rendered":"FILE-EXPRESS"},"content":{"rendered":"<p>[vc_row row_height_percent=&#8220;0&#8243; override_padding=&#8220;yes&#8220; h_padding=&#8220;2&#8243; top_padding=&#8220;5&#8243; bottom_padding=&#8220;5&#8243; overlay_alpha=&#8220;50&#8243; gutter_size=&#8220;3&#8243; column_width_percent=&#8220;100&#8243; shift_y=&#8220;0&#8243; z_index=&#8220;0&#8243; row_name=&#8220;vorteile&#8220;][vc_column column_width_percent=&#8220;100&#8243; align_horizontal=&#8220;align_center&#8220; gutter_size=&#8220;3&#8243; style=&#8220;light&#8220; overlay_alpha=&#8220;50&#8243; shift_x=&#8220;0&#8243; shift_y=&#8220;0&#8243; shift_y_down=&#8220;0&#8243; z_index=&#8220;0&#8243; medium_width=&#8220;0&#8243; mobile_visibility=&#8220;yes&#8220; mobile_width=&#8220;0&#8243; width=&#8220;1\/12&#8243;][\/vc_column][vc_column column_width_percent=&#8220;100&#8243; align_horizontal=&#8220;align_center&#8220; gutter_size=&#8220;3&#8243; overlay_alpha=&#8220;50&#8243; shift_x=&#8220;0&#8243; shift_y=&#8220;0&#8243; shift_y_down=&#8220;0&#8243; z_index=&#8220;0&#8243; medium_width=&#8220;0&#8243; align_mobile=&#8220;align_left_mobile&#8220; mobile_width=&#8220;0&#8243; width=&#8220;10\/12&#8243;][vc_column_text]<\/p>\n<h2>File-Express \u2013 zu Ihrem Vorteil<\/h2>\n<p>[\/vc_column_text][vc_column_text]File-Express speichert und \u00fcbermittelt Dateien ausschliesslich verschl\u00fcsselt zu den Empf\u00e4ngern und l\u00f6scht diese automatisch nach Ablauf der Frist zum Download. F\u00fcr den Datentransfer nutzt File-Express ausschliesslich Schweizer Server.<\/p>\n<p>Versenden Sie mit einem Mausklick Dateien jeder Art und Dateigr\u00f6sse, ohne dass Tracker, Werbeeinblendungen, Tagging-Sites und Profiling Tools jede Bewegung auf ihrer Applikation verfolgen oder Daten Dritten zur Verf\u00fcgung stellen. Ihre Dateien bleiben Ihre Dateien und Ihre Klicks sind Ihre Klicks.<\/p>\n<p>Die eingesetzten innovativen Technologien sorgen f\u00fcr eine vertraulichen und sicheren Dateitransfer. Zus\u00e4tzliche Einstellungen f\u00fcr erh\u00f6hte Sicherheit wie einen PIN via SMS oder einem anderen Kanal f\u00fcr Multifaktor-Authentisierung, Einschr\u00e4nkung in der G\u00fcltigkeit des Transfers, Zugriffsbeschr\u00e4nkungen pro Land und weitere mehr sind bei den Abonnements von File-Express verf\u00fcgbar.<\/p>\n<p>Unser Angebot richtet sich insbesondere auch an Unternehmen mit erh\u00f6hten Sicherheitsanforderungen beim Datentransfer. Zu unseren Kunden geh\u00f6ren regulierte Firmen, welche beispielsweise besonders sch\u00fctzenswerte Personendaten oder vertrauliche Pr\u00fcfberichte mit File-Express smart transferieren.[\/vc_column_text][vc_button border_animation=&#8220;btn-ripple-out&#8220; border_width=&#8220;0&#8243; link=&#8220;url:%2Fangebot&#8220;]Angebot[\/vc_button][\/vc_column][vc_column column_width_percent=&#8220;100&#8243; gutter_size=&#8220;3&#8243; overlay_alpha=&#8220;50&#8243; shift_x=&#8220;0&#8243; shift_y=&#8220;0&#8243; shift_y_down=&#8220;0&#8243; z_index=&#8220;0&#8243; medium_visibility=&#8220;yes&#8220; medium_width=&#8220;0&#8243; mobile_visibility=&#8220;yes&#8220; mobile_width=&#8220;0&#8243; width=&#8220;1\/12&#8243;][\/vc_column][\/vc_row][vc_row unlock_row_content=&#8220;yes&#8220; row_height_percent=&#8220;0&#8243; override_padding=&#8220;yes&#8220; h_padding=&#8220;2&#8243; top_padding=&#8220;0&#8243; bottom_padding=&#8220;0&#8243; overlay_alpha=&#8220;50&#8243; gutter_size=&#8220;3&#8243; column_width_percent=&#8220;100&#8243; shift_y=&#8220;0&#8243; z_index=&#8220;0&#8243; medium_visibility=&#8220;yes&#8220;][vc_column column_width_percent=&#8220;100&#8243; gutter_size=&#8220;3&#8243; override_padding=&#8220;yes&#8220; column_padding=&#8220;0&#8243; style=&#8220;dark&#8220; back_color=&#8220;color-746278&#8243; overlay_alpha=&#8220;50&#8243; shift_x=&#8220;0&#8243; shift_y=&#8220;0&#8243; shift_y_down=&#8220;0&#8243; z_index=&#8220;0&#8243; medium_width=&#8220;0&#8243; mobile_width=&#8220;0&#8243; width=&#8220;1\/1&#8243; el_class=&#8220;mobile_ganze_breite&#8220;][vc_gallery el_id=&#8220;gallery-142192&#8243; type=&#8220;carousel&#8220; medias=&#8220;515,1963,1968&#8243; carousel_lg=&#8220;3&#8243; carousel_md=&#8220;2&#8243; carousel_sm=&#8220;1&#8243; gutter_size=&#8220;0&#8243; media_items=&#8220;description,title,caption,media|nolink|original&#8220; carousel_interval=&#8220;3000&#8243; carousel_navspeed=&#8220;400&#8243; carousel_dots=&#8220;yes&#8220; carousel_dots_space=&#8220;yes&#8220; carousel_dots_mobile=&#8220;yes&#8220; carousel_dots_inside=&#8220;yes&#8220; carousel_dot_padding=&#8220;2&#8243; stage_padding=&#8220;0&#8243; single_overlay_opacity=&#8220;50&#8243; single_overlay_anim=&#8220;no&#8220; single_text_visible=&#8220;yes&#8220; single_text_anim=&#8220;no&#8220; single_image_anim=&#8220;no&#8220; single_v_position=&#8220;top&#8220; single_padding=&#8220;2&#8243; single_title_dimension=&#8220;h6&#8243; single_border=&#8220;yes&#8220; el_class=&#8220;bildkarussell textschatten&#8220;][\/vc_column][\/vc_row][vc_row unlock_row_content=&#8220;yes&#8220; row_height_percent=&#8220;0&#8243; override_padding=&#8220;yes&#8220; h_padding=&#8220;2&#8243; top_padding=&#8220;0&#8243; bottom_padding=&#8220;0&#8243; overlay_alpha=&#8220;50&#8243; gutter_size=&#8220;3&#8243; column_width_percent=&#8220;100&#8243; shift_y=&#8220;0&#8243; z_index=&#8220;0&#8243; desktop_visibility=&#8220;yes&#8220; mobile_visibility=&#8220;yes&#8220;][vc_column column_width_percent=&#8220;100&#8243; gutter_size=&#8220;3&#8243; override_padding=&#8220;yes&#8220; column_padding=&#8220;0&#8243; style=&#8220;dark&#8220; back_color=&#8220;color-746278&#8243; overlay_alpha=&#8220;50&#8243; shift_x=&#8220;0&#8243; shift_y=&#8220;0&#8243; shift_y_down=&#8220;0&#8243; z_index=&#8220;0&#8243; medium_width=&#8220;0&#8243; mobile_width=&#8220;0&#8243; width=&#8220;1\/1&#8243; el_class=&#8220;mobile_ganze_breite&#8220;][vc_gallery el_id=&#8220;gallery-111192&#8243; type=&#8220;carousel&#8220; medias=&#8220;515,1963,1968&#8243; carousel_lg=&#8220;3&#8243; carousel_md=&#8220;2&#8243; carousel_sm=&#8220;1&#8243; thumb_size=&#8220;five-four&#8220; gutter_size=&#8220;0&#8243; media_items=&#8220;description,title,caption,media|nolink|original&#8220; carousel_interval=&#8220;3000&#8243; carousel_navspeed=&#8220;400&#8243; carousel_dots=&#8220;yes&#8220; carousel_dots_space=&#8220;yes&#8220; carousel_dots_mobile=&#8220;yes&#8220; carousel_dots_inside=&#8220;yes&#8220; carousel_dot_padding=&#8220;2&#8243; stage_padding=&#8220;0&#8243; single_overlay_opacity=&#8220;50&#8243; single_overlay_anim=&#8220;no&#8220; single_text_visible=&#8220;yes&#8220; single_text_anim=&#8220;no&#8220; single_image_anim=&#8220;no&#8220; single_v_position=&#8220;top&#8220; single_padding=&#8220;2&#8243; single_title_dimension=&#8220;h6&#8243; single_border=&#8220;yes&#8220; el_class=&#8220;bildkarussell textschatten&#8220;][\/vc_column][\/vc_row][vc_row row_height_percent=&#8220;0&#8243; override_padding=&#8220;yes&#8220; h_padding=&#8220;2&#8243; top_padding=&#8220;5&#8243; bottom_padding=&#8220;5&#8243; overlay_alpha=&#8220;50&#8243; gutter_size=&#8220;3&#8243; column_width_percent=&#8220;100&#8243; shift_y=&#8220;0&#8243; z_index=&#8220;0&#8243; el_class=&#8220;loadMeLate&#8220;][vc_column column_width_percent=&#8220;100&#8243; align_horizontal=&#8220;align_center&#8220; gutter_size=&#8220;3&#8243; overlay_alpha=&#8220;50&#8243; shift_x=&#8220;0&#8243; shift_y=&#8220;0&#8243; shift_y_down=&#8220;0&#8243; z_index=&#8220;0&#8243; medium_width=&#8220;0&#8243; align_mobile=&#8220;align_left_mobile&#8220; mobile_width=&#8220;0&#8243; width=&#8220;1\/1&#8243;][vc_column_text]<\/p>\n<h2>Diese Unternehmen vertrauen bereits<br \/>\nauf Swiss\u00a0Cyber Gate.<\/h2>\n<p>[\/vc_column_text][vc_empty_space empty_h=&#8220;3&#8243;][vc_gallery el_id=&#8220;gallery-147287&#8243; type=&#8220;carousel&#8220; medias=&#8220;2250,1090,1086,1088,1082,1084&#8243; carousel_lg=&#8220;5&#8243; carousel_md=&#8220;5&#8243; carousel_sm=&#8220;3&#8243; gutter_size=&#8220;4&#8243; media_items=&#8220;media|custom_link|original&#8220; carousel_v_align=&#8220;middle&#8220; carousel_interval=&#8220;3000&#8243; carousel_navspeed=&#8220;400&#8243; stage_padding=&#8220;0&#8243; single_style=&#8220;dark&#8220; single_overlay_opacity=&#8220;50&#8243; single_overlay_anim=&#8220;no&#8220; single_image_anim=&#8220;no&#8220; single_h_align=&#8220;center&#8220; single_v_position=&#8220;bottom&#8220; single_padding=&#8220;2&#8243; single_border=&#8220;yes&#8220; items=&#8220;eyIyMjUwX2kiOnsic2luZ2xlX2ljb24iOiIiLCJzaW5nbGVfbGluayI6InVybDpodHRwcyUzQSUyRiUyRmZpbmFuenBsYW51bmdkaWdpdGFsLmNoJTJGfHRpdGxlOldlcmRlbiUyMGF1Y2glMjBTaWUlMjBUZWlsJTIwZGVyJTIwRmluYW56a29tcGV0ZW56JTIwMy4wIXx0YXJnZXQ6X2JsYW5rIn19&#8243;][\/vc_column][\/vc_row][vc_row row_height_percent=&#8220;0&#8243; override_padding=&#8220;yes&#8220; h_padding=&#8220;2&#8243; top_padding=&#8220;5&#8243; bottom_padding=&#8220;5&#8243; back_color=&#8220;color-746278&#8243; overlay_alpha=&#8220;50&#8243; gutter_size=&#8220;3&#8243; column_width_percent=&#8220;100&#8243; shift_y=&#8220;0&#8243; z_index=&#8220;0&#8243;][vc_column column_width_percent=&#8220;100&#8243; gutter_size=&#8220;3&#8243; overlay_alpha=&#8220;50&#8243; shift_x=&#8220;0&#8243; shift_y=&#8220;0&#8243; shift_y_down=&#8220;0&#8243; z_index=&#8220;0&#8243; medium_width=&#8220;0&#8243; mobile_width=&#8220;0&#8243; width=&#8220;1\/2&#8243;][vc_column_text]<\/p>\n<h2>So einfach nutzen Sie File-Express.<\/h2>\n<p>[\/vc_column_text][vc_column_text]File-Express ist ein einfaches, Cloud basiertes und auf gesch\u00e4ftliche Bed\u00fcrfnisse zugeschnittenes Angebot f\u00fcr die \u00dcbertragung von elektronischen Dateien. F\u00fcr die Nutzung der Dienste gen\u00fcgt ein Browser. Dr\u00fccken Sie auf \u00abDokumente senden\u00bb und sie gelangen auf unsere App, wo Sie intuitiv durch den Dateitransfer gef\u00fchrt werden. \u00abIhnen die h\u00f6chste Vertraulichkeit und Sicherheit in einfacher und verst\u00e4ndlicher Form zu bieten ist mein Ziel\u00bb, erkl\u00e4rt Oli Kessler, Gr\u00fcnder und CEO der Swiss Cyber Gate AG, welche File-Express entwickelt hat.[\/vc_column_text][\/vc_column][vc_column width=&#8220;1\/2&#8243;][vc_single_image media=&#8220;914&#8243; media_width_percent=&#8220;100&#8243;][\/vc_column][\/vc_row]<\/p>\n","protected":false},"excerpt":{"rendered":"<p>[vc_row row_height_percent=&#8220;0&#8243; override_padding=&#8220;yes&#8220; h_padding=&#8220;2&#8243; top_padding=&#8220;5&#8243; bottom_padding=&#8220;5&#8243; overlay_alpha=&#8220;50&#8243; gutter_size=&#8220;3&#8243; column_width_percent=&#8220;100&#8243; shift_y=&#8220;0&#8243; z_index=&#8220;0&#8243; row_name=&#8220;vorteile&#8220;][vc_column column_width_percent=&#8220;100&#8243; align_horizontal=&#8220;align_center&#8220; gutter_size=&#8220;3&#8243; style=&#8220;light&#8220; overlay_alpha=&#8220;50&#8243; shift_x=&#8220;0&#8243; shift_y=&#8220;0&#8243; shift_y_down=&#8220;0&#8243; [&hellip;]<\/p>\n","protected":false},"author":1,"featured_media":0,"parent":0,"menu_order":1,"comment_status":"closed","ping_status":"closed","template":"","meta":[],"yoast_head":"<!-- This site is optimized with the Yoast SEO plugin v16.9 - https:\/\/yoast.com\/wordpress\/plugins\/seo\/ -->\n<title>Secure File Transfer for your Business &ndash; FILE-EXPRESS<\/title>\n<meta name=\"description\" content=\"File-Express ist ein einfaches, Cloud basiertes und auf gesch\u00e4ftliche Bed\u00fcrfnisse zugeschnittenes Angebot f\u00fcr den File Transfer.\" \/>\n<meta name=\"robots\" content=\"index, follow, max-snippet:-1, max-image-preview:large, max-video-preview:-1\" \/>\n<link rel=\"canonical\" href=\"https:\/\/www.file-express.ch\/de\/\" \/>\n<meta property=\"og:locale\" content=\"de_DE\" \/>\n<meta property=\"og:type\" content=\"article\" \/>\n<meta property=\"og:title\" content=\"Secure File Transfer for your Business &ndash; FILE-EXPRESS\" \/>\n<meta property=\"og:description\" content=\"File-Express ist ein einfaches, Cloud basiertes und auf gesch\u00e4ftliche Bed\u00fcrfnisse zugeschnittenes Angebot f\u00fcr den File Transfer.\" \/>\n<meta property=\"og:url\" content=\"https:\/\/www.file-express.ch\/de\/\" \/>\n<meta property=\"og:site_name\" content=\"FILE-EXPRESS\" \/>\n<meta property=\"article:modified_time\" content=\"2021-07-26T09:47:54+00:00\" \/>\n<meta name=\"twitter:card\" content=\"summary_large_image\" \/>\n<meta name=\"twitter:label1\" content=\"Gesch\u00e4tzte Lesezeit\" \/>\n\t<meta name=\"twitter:data1\" content=\"3\u00a0Minuten\" \/>\n<script type=\"application\/ld+json\" class=\"yoast-schema-graph\">{\"@context\":\"https:\/\/schema.org\",\"@graph\":[{\"@type\":\"Organization\",\"@id\":\"https:\/\/www.file-express.ch\/de\/#organization\",\"name\":\"FILE-EXPRESS\",\"url\":\"https:\/\/www.file-express.ch\/de\/\",\"sameAs\":[],\"logo\":{\"@type\":\"ImageObject\",\"@id\":\"https:\/\/www.file-express.ch\/de\/#logo\",\"inLanguage\":\"de\",\"url\":\"\",\"contentUrl\":\"\",\"caption\":\"FILE-EXPRESS\"},\"image\":{\"@id\":\"https:\/\/www.file-express.ch\/de\/#logo\"}},{\"@type\":\"WebSite\",\"@id\":\"https:\/\/www.file-express.ch\/de\/#website\",\"url\":\"https:\/\/www.file-express.ch\/de\/\",\"name\":\"FILE-EXPRESS\",\"description\":\"by Swiss Cyber Gate\",\"publisher\":{\"@id\":\"https:\/\/www.file-express.ch\/de\/#organization\"},\"potentialAction\":[{\"@type\":\"SearchAction\",\"target\":{\"@type\":\"EntryPoint\",\"urlTemplate\":\"https:\/\/www.file-express.ch\/de\/?s={search_term_string}\"},\"query-input\":\"required name=search_term_string\"}],\"inLanguage\":\"de\"},{\"@type\":\"WebPage\",\"@id\":\"https:\/\/www.file-express.ch\/de\/#webpage\",\"url\":\"https:\/\/www.file-express.ch\/de\/\",\"name\":\"Secure File Transfer for your Business &ndash; FILE-EXPRESS\",\"isPartOf\":{\"@id\":\"https:\/\/www.file-express.ch\/de\/#website\"},\"datePublished\":\"2020-11-13T15:29:44+00:00\",\"dateModified\":\"2021-07-26T09:47:54+00:00\",\"description\":\"File-Express ist ein einfaches, Cloud basiertes und auf gesch\\u00e4ftliche Bed\\u00fcrfnisse zugeschnittenes Angebot f\\u00fcr den File Transfer.\",\"breadcrumb\":{\"@id\":\"https:\/\/www.file-express.ch\/de\/#breadcrumb\"},\"inLanguage\":\"de\",\"potentialAction\":[{\"@type\":\"ReadAction\",\"target\":[\"https:\/\/www.file-express.ch\/de\/\"]}]},{\"@type\":\"BreadcrumbList\",\"@id\":\"https:\/\/www.file-express.ch\/de\/#breadcrumb\",\"itemListElement\":[{\"@type\":\"ListItem\",\"position\":1,\"name\":\"Startseite\",\"item\":\"https:\/\/www.file-express.ch\/de\/\"},{\"@type\":\"ListItem\",\"position\":2,\"name\":\"FILE-EXPRESS\"}]}]}<\/script>\n<!-- \/ Yoast SEO plugin. -->","yoast_head_json":{"title":"Secure File Transfer for your Business &ndash; FILE-EXPRESS","description":"File-Express ist ein einfaches, Cloud basiertes und auf gesch\u00e4ftliche Bed\u00fcrfnisse zugeschnittenes Angebot f\u00fcr den File Transfer.","robots":{"index":"index","follow":"follow","max-snippet":"max-snippet:-1","max-image-preview":"max-image-preview:large","max-video-preview":"max-video-preview:-1"},"canonical":"https:\/\/www.file-express.ch\/de\/","og_locale":"de_DE","og_type":"article","og_title":"Secure File Transfer for your Business &ndash; FILE-EXPRESS","og_description":"File-Express ist ein einfaches, Cloud basiertes und auf gesch\u00e4ftliche Bed\u00fcrfnisse zugeschnittenes Angebot f\u00fcr den File Transfer.","og_url":"https:\/\/www.file-express.ch\/de\/","og_site_name":"FILE-EXPRESS","article_modified_time":"2021-07-26T09:47:54+00:00","twitter_card":"summary_large_image","twitter_misc":{"Gesch\u00e4tzte Lesezeit":"3\u00a0Minuten"},"schema":{"@context":"https:\/\/schema.org","@graph":[{"@type":"Organization","@id":"https:\/\/www.file-express.ch\/de\/#organization","name":"FILE-EXPRESS","url":"https:\/\/www.file-express.ch\/de\/","sameAs":[],"logo":{"@type":"ImageObject","@id":"https:\/\/www.file-express.ch\/de\/#logo","inLanguage":"de","url":"","contentUrl":"","caption":"FILE-EXPRESS"},"image":{"@id":"https:\/\/www.file-express.ch\/de\/#logo"}},{"@type":"WebSite","@id":"https:\/\/www.file-express.ch\/de\/#website","url":"https:\/\/www.file-express.ch\/de\/","name":"FILE-EXPRESS","description":"by Swiss Cyber Gate","publisher":{"@id":"https:\/\/www.file-express.ch\/de\/#organization"},"potentialAction":[{"@type":"SearchAction","target":{"@type":"EntryPoint","urlTemplate":"https:\/\/www.file-express.ch\/de\/?s={search_term_string}"},"query-input":"required name=search_term_string"}],"inLanguage":"de"},{"@type":"WebPage","@id":"https:\/\/www.file-express.ch\/de\/#webpage","url":"https:\/\/www.file-express.ch\/de\/","name":"Secure File Transfer for your Business &ndash; FILE-EXPRESS","isPartOf":{"@id":"https:\/\/www.file-express.ch\/de\/#website"},"datePublished":"2020-11-13T15:29:44+00:00","dateModified":"2021-07-26T09:47:54+00:00","description":"File-Express ist ein einfaches, Cloud basiertes und auf gesch\u00e4ftliche Bed\u00fcrfnisse zugeschnittenes Angebot f\u00fcr den File Transfer.","breadcrumb":{"@id":"https:\/\/www.file-express.ch\/de\/#breadcrumb"},"inLanguage":"de","potentialAction":[{"@type":"ReadAction","target":["https:\/\/www.file-express.ch\/de\/"]}]},{"@type":"BreadcrumbList","@id":"https:\/\/www.file-express.ch\/de\/#breadcrumb","itemListElement":[{"@type":"ListItem","position":1,"name":"Startseite","item":"https:\/\/www.file-express.ch\/de\/"},{"@type":"ListItem","position":2,"name":"FILE-EXPRESS"}]}]}},"_links":{"self":[{"href":"https:\/\/www.file-express.ch\/de\/wp-json\/wp\/v2\/pages\/19"}],"collection":[{"href":"https:\/\/www.file-express.ch\/de\/wp-json\/wp\/v2\/pages"}],"about":[{"href":"https:\/\/www.file-express.ch\/de\/wp-json\/wp\/v2\/types\/page"}],"author":[{"embeddable":true,"href":"https:\/\/www.file-express.ch\/de\/wp-json\/wp\/v2\/users\/1"}],"replies":[{"embeddable":true,"href":"https:\/\/www.file-express.ch\/de\/wp-json\/wp\/v2\/comments?post=19"}],"version-history":[{"count":509,"href":"https:\/\/www.file-express.ch\/de\/wp-json\/wp\/v2\/pages\/19\/revisions"}],"predecessor-version":[{"id":2258,"href":"https:\/\/www.file-express.ch\/de\/wp-json\/wp\/v2\/pages\/19\/revisions\/2258"}],"wp:attachment":[{"href":"https:\/\/www.file-express.ch\/de\/wp-json\/wp\/v2\/media?parent=19"}],"curies":[{"name":"wp","href":"https:\/\/api.w.org\/{rel}","templated":true}]}}